{"id":6483,"date":"2019-04-09T16:16:28","date_gmt":"2019-04-09T14:16:28","guid":{"rendered":"https:\/\/www.emmediciotto.com\/?post_type=product&#038;p=6483"},"modified":"2024-03-12T14:15:58","modified_gmt":"2024-03-12T13:15:58","slug":"nourishing-calendula-body-cream","status":"publish","type":"product","link":"https:\/\/www.emmediciotto.com\/fr\/product\/nourishing-calendula-body-cream\/","title":{"rendered":"Nourishing Calendula &#8211; Body Cream"},"content":{"rendered":"<div class=\"testo\">\n<p style=\"text-align: center;\">La crema corpo Nourishing Calendula, grazie agli Oli vegetali (calendula, mandorle, germe di grano) ricchi di sostanze naturali, nutre, idrata e rigenera la pelle del corpo rendendola morbida ed elastica.<\/p>\n<p style=\"text-align: center;\"><strong>PROPRIET\u00c0 <\/strong><strong>COSMETICHE dei principi attivi<\/strong><br \/>\nLa caratteristica peculiare che rende unica Nourishing Calendula Body Cream \u00e8 l\u2019elevato contenuto di sostanze fondamentali per il nutrimento ed il miglioramento della tonicit\u00e0 e dell\u2019elasticit\u00e0 della pelle. Il burro di karit\u00e8 ha propriet\u00e0 cicatrizzanti, emollienti, antiossidanti. Il collagene \u00e8 utilizzato in campo cosmetico per il trattamento protettivo e idratante della pelle. Il complesso vitaminico contenente le principali vitamine utilizzate in cosmetica allo scopo di attribuire al prodotto un effetto nutritivo e tonificante. <strong>Vitamina A<\/strong>: ammorbidente a livello dello strato corneo; <strong>Vitamina E<\/strong>: usata nel trattamento di pelli arrossabili, e per riossigenare ringiovanire la pelle;\u00a0 <strong>Vitamina H<\/strong>: Fotoprotezione; <strong>Vitageno F<\/strong>: (linoleic acid) e Calcio pantotenato: Idratante, lenitivo, rinfrescante, antiarrossamento.<\/p>\n<\/div>\n","protected":false},"excerpt":{"rendered":"<p>La crema corpo Nourishing Calendula, grazie agli Oli vegetali ricchi di sostanze naturali, nutre, idrata e rigenera la pelle del corpo rendendola morbida ed elastica.<\/p>\n","protected":false},"featured_media":6481,"comment_status":"closed","ping_status":"closed","template":"","meta":{"_acf_changed":false},"product_brand":[],"product_cat":[112],"product_tag":[],"class_list":{"0":"post-6483","1":"product","2":"type-product","3":"status-publish","4":"has-post-thumbnail","6":"product_cat-body-care","8":"first","9":"instock","10":"shipping-taxable","11":"purchasable","12":"product-type-simple"},"acf":[],"yoast_head":"<!-- This site is optimized with the Yoast SEO plugin v24.6 - https:\/\/yoast.com\/wordpress\/plugins\/seo\/ -->\n<title>Nourishing Calendula - Body Cream - Emmediciotto<\/title>\n<meta name=\"robots\" content=\"index, follow, max-snippet:-1, max-image-preview:large, max-video-preview:-1\" \/>\n<link rel=\"canonical\" href=\"https:\/\/www.emmediciotto.com\/product\/nourishing-calendula-body-cream\/\" \/>\n<meta property=\"og:locale\" content=\"fr_FR\" \/>\n<meta property=\"og:type\" content=\"article\" \/>\n<meta property=\"og:title\" content=\"Nourishing Calendula - Body Cream - Emmediciotto\" \/>\n<meta property=\"og:description\" content=\"La crema corpo Nourishing Calendula, grazie agli Oli vegetali ricchi di sostanze naturali, nutre, idrata e rigenera la pelle del corpo rendendola morbida ed elastica.\" \/>\n<meta property=\"og:url\" content=\"https:\/\/www.emmediciotto.com\/product\/nourishing-calendula-body-cream\/\" \/>\n<meta property=\"og:site_name\" content=\"Emmediciotto\" \/>\n<meta property=\"article:modified_time\" content=\"2024-03-12T13:15:58+00:00\" \/>\n<meta property=\"og:image\" content=\"https:\/\/www.emmediciotto.com\/wp-content\/uploads\/2019\/04\/Nourishing-Calendula-Body-Cream-250-ml.png\" \/>\n\t<meta property=\"og:image:width\" content=\"500\" \/>\n\t<meta property=\"og:image:height\" content=\"693\" \/>\n\t<meta property=\"og:image:type\" content=\"image\/png\" \/>\n<meta name=\"twitter:card\" content=\"summary_large_image\" \/>\n<meta name=\"twitter:label1\" content=\"Dur\u00e9e de lecture estim\u00e9e\" \/>\n\t<meta name=\"twitter:data1\" content=\"1 minute\" \/>\n<script type=\"application\/ld+json\" class=\"yoast-schema-graph\">{\"@context\":\"https:\/\/schema.org\",\"@graph\":[{\"@type\":\"WebPage\",\"@id\":\"https:\/\/www.emmediciotto.com\/product\/nourishing-calendula-body-cream\/\",\"url\":\"https:\/\/www.emmediciotto.com\/product\/nourishing-calendula-body-cream\/\",\"name\":\"Nourishing Calendula - Body Cream - Emmediciotto\",\"isPartOf\":{\"@id\":\"https:\/\/www.emmediciotto.com\/#website\"},\"primaryImageOfPage\":{\"@id\":\"https:\/\/www.emmediciotto.com\/product\/nourishing-calendula-body-cream\/#primaryimage\"},\"image\":{\"@id\":\"https:\/\/www.emmediciotto.com\/product\/nourishing-calendula-body-cream\/#primaryimage\"},\"thumbnailUrl\":\"https:\/\/www.emmediciotto.com\/wp-content\/uploads\/2019\/04\/Nourishing-Calendula-Body-Cream-250-ml.png\",\"datePublished\":\"2019-04-09T14:16:28+00:00\",\"dateModified\":\"2024-03-12T13:15:58+00:00\",\"breadcrumb\":{\"@id\":\"https:\/\/www.emmediciotto.com\/product\/nourishing-calendula-body-cream\/#breadcrumb\"},\"inLanguage\":\"fr-FR\",\"potentialAction\":[{\"@type\":\"ReadAction\",\"target\":[\"https:\/\/www.emmediciotto.com\/product\/nourishing-calendula-body-cream\/\"]}]},{\"@type\":\"ImageObject\",\"inLanguage\":\"fr-FR\",\"@id\":\"https:\/\/www.emmediciotto.com\/product\/nourishing-calendula-body-cream\/#primaryimage\",\"url\":\"https:\/\/www.emmediciotto.com\/wp-content\/uploads\/2019\/04\/Nourishing-Calendula-Body-Cream-250-ml.png\",\"contentUrl\":\"https:\/\/www.emmediciotto.com\/wp-content\/uploads\/2019\/04\/Nourishing-Calendula-Body-Cream-250-ml.png\",\"width\":500,\"height\":693},{\"@type\":\"BreadcrumbList\",\"@id\":\"https:\/\/www.emmediciotto.com\/product\/nourishing-calendula-body-cream\/#breadcrumb\",\"itemListElement\":[{\"@type\":\"ListItem\",\"position\":1,\"name\":\"Home\",\"item\":\"https:\/\/www.emmediciotto.com\/fr\/\"},{\"@type\":\"ListItem\",\"position\":2,\"name\":\"Shop\",\"item\":\"https:\/\/www.emmediciotto.com\/shop\/\"},{\"@type\":\"ListItem\",\"position\":3,\"name\":\"Nourishing Calendula &#8211; Body Cream\"}]},{\"@type\":\"WebSite\",\"@id\":\"https:\/\/www.emmediciotto.com\/#website\",\"url\":\"https:\/\/www.emmediciotto.com\/\",\"name\":\"Emmediciotto\",\"description\":\"Take care of your hair as you do with your skin\",\"potentialAction\":[{\"@type\":\"SearchAction\",\"target\":{\"@type\":\"EntryPoint\",\"urlTemplate\":\"https:\/\/www.emmediciotto.com\/?s={search_term_string}\"},\"query-input\":{\"@type\":\"PropertyValueSpecification\",\"valueRequired\":true,\"valueName\":\"search_term_string\"}}],\"inLanguage\":\"fr-FR\"}]}<\/script>\n<!-- \/ Yoast SEO plugin. -->","yoast_head_json":{"title":"Nourishing Calendula - Body Cream - Emmediciotto","robots":{"index":"index","follow":"follow","max-snippet":"max-snippet:-1","max-image-preview":"max-image-preview:large","max-video-preview":"max-video-preview:-1"},"canonical":"https:\/\/www.emmediciotto.com\/product\/nourishing-calendula-body-cream\/","og_locale":"fr_FR","og_type":"article","og_title":"Nourishing Calendula - Body Cream - Emmediciotto","og_description":"La crema corpo Nourishing Calendula, grazie agli Oli vegetali ricchi di sostanze naturali, nutre, idrata e rigenera la pelle del corpo rendendola morbida ed elastica.","og_url":"https:\/\/www.emmediciotto.com\/product\/nourishing-calendula-body-cream\/","og_site_name":"Emmediciotto","article_modified_time":"2024-03-12T13:15:58+00:00","og_image":[{"width":500,"height":693,"url":"https:\/\/www.emmediciotto.com\/wp-content\/uploads\/2019\/04\/Nourishing-Calendula-Body-Cream-250-ml.png","type":"image\/png"}],"twitter_card":"summary_large_image","twitter_misc":{"Dur\u00e9e de lecture estim\u00e9e":"1 minute"},"schema":{"@context":"https:\/\/schema.org","@graph":[{"@type":"WebPage","@id":"https:\/\/www.emmediciotto.com\/product\/nourishing-calendula-body-cream\/","url":"https:\/\/www.emmediciotto.com\/product\/nourishing-calendula-body-cream\/","name":"Nourishing Calendula - Body Cream - Emmediciotto","isPartOf":{"@id":"https:\/\/www.emmediciotto.com\/#website"},"primaryImageOfPage":{"@id":"https:\/\/www.emmediciotto.com\/product\/nourishing-calendula-body-cream\/#primaryimage"},"image":{"@id":"https:\/\/www.emmediciotto.com\/product\/nourishing-calendula-body-cream\/#primaryimage"},"thumbnailUrl":"https:\/\/www.emmediciotto.com\/wp-content\/uploads\/2019\/04\/Nourishing-Calendula-Body-Cream-250-ml.png","datePublished":"2019-04-09T14:16:28+00:00","dateModified":"2024-03-12T13:15:58+00:00","breadcrumb":{"@id":"https:\/\/www.emmediciotto.com\/product\/nourishing-calendula-body-cream\/#breadcrumb"},"inLanguage":"fr-FR","potentialAction":[{"@type":"ReadAction","target":["https:\/\/www.emmediciotto.com\/product\/nourishing-calendula-body-cream\/"]}]},{"@type":"ImageObject","inLanguage":"fr-FR","@id":"https:\/\/www.emmediciotto.com\/product\/nourishing-calendula-body-cream\/#primaryimage","url":"https:\/\/www.emmediciotto.com\/wp-content\/uploads\/2019\/04\/Nourishing-Calendula-Body-Cream-250-ml.png","contentUrl":"https:\/\/www.emmediciotto.com\/wp-content\/uploads\/2019\/04\/Nourishing-Calendula-Body-Cream-250-ml.png","width":500,"height":693},{"@type":"BreadcrumbList","@id":"https:\/\/www.emmediciotto.com\/product\/nourishing-calendula-body-cream\/#breadcrumb","itemListElement":[{"@type":"ListItem","position":1,"name":"Home","item":"https:\/\/www.emmediciotto.com\/fr\/"},{"@type":"ListItem","position":2,"name":"Shop","item":"https:\/\/www.emmediciotto.com\/shop\/"},{"@type":"ListItem","position":3,"name":"Nourishing Calendula &#8211; Body Cream"}]},{"@type":"WebSite","@id":"https:\/\/www.emmediciotto.com\/#website","url":"https:\/\/www.emmediciotto.com\/","name":"Emmediciotto","description":"Take care of your hair as you do with your skin","potentialAction":[{"@type":"SearchAction","target":{"@type":"EntryPoint","urlTemplate":"https:\/\/www.emmediciotto.com\/?s={search_term_string}"},"query-input":{"@type":"PropertyValueSpecification","valueRequired":true,"valueName":"search_term_string"}}],"inLanguage":"fr-FR"}]}},"_links":{"self":[{"href":"https:\/\/www.emmediciotto.com\/fr\/wp-json\/wp\/v2\/product\/6483","targetHints":{"allow":["GET"]}}],"collection":[{"href":"https:\/\/www.emmediciotto.com\/fr\/wp-json\/wp\/v2\/product"}],"about":[{"href":"https:\/\/www.emmediciotto.com\/fr\/wp-json\/wp\/v2\/types\/product"}],"replies":[{"embeddable":true,"href":"https:\/\/www.emmediciotto.com\/fr\/wp-json\/wp\/v2\/comments?post=6483"}],"wp:featuredmedia":[{"embeddable":true,"href":"https:\/\/www.emmediciotto.com\/fr\/wp-json\/wp\/v2\/media\/6481"}],"wp:attachment":[{"href":"https:\/\/www.emmediciotto.com\/fr\/wp-json\/wp\/v2\/media?parent=6483"}],"wp:term":[{"taxonomy":"product_brand","embeddable":true,"href":"https:\/\/www.emmediciotto.com\/fr\/wp-json\/wp\/v2\/product_brand?post=6483"},{"taxonomy":"product_cat","embeddable":true,"href":"https:\/\/www.emmediciotto.com\/fr\/wp-json\/wp\/v2\/product_cat?post=6483"},{"taxonomy":"product_tag","embeddable":true,"href":"https:\/\/www.emmediciotto.com\/fr\/wp-json\/wp\/v2\/product_tag?post=6483"}],"curies":[{"name":"wp","href":"https:\/\/api.w.org\/{rel}","templated":true}]}}