{"id":7846,"date":"2019-02-26T17:44:37","date_gmt":"2019-05-09T12:00:47","guid":{"rendered":"https:\/\/www.emmediciotto.com\/?post_type=product&#038;p=7846"},"modified":"2022-08-29T11:16:27","modified_gmt":"2022-08-29T09:16:27","slug":"passion-colour-oil","status":"publish","type":"product","link":"https:\/\/www.emmediciotto.com\/es\/product\/passion-colour-oil\/","title":{"rendered":"Passion Colour Oil"},"content":{"rendered":"<p style=\"text-align: center;\">Passion Colour Oil Ammonia-Free Anti-Age representa el resultado de las investigaci\u00f3nes m\u00e1s avanzadas: es una coloraci\u00f3n en oleo altamente cosm\u00e9tica sin amon\u00edaco que permite te\u00f1ir delicadamente los cabellos que asumen aspecto m\u00e1s luminoso y din\u00e1mico, llenos de brillo y agradables al toque, en el pleno respeto de la piel y del cabello garantizando la cobertura de las canas al 100% con los resultados de larga duraci\u00e1n. Passion colour oil ammonia free anti age es una coloraci\u00f2n multifuncional que permite obtener: coloraci\u00f3n permanente \u2013 tono sobre tono \u2013 reflejante. Passion ha realizado una l\u00ednea de los colores nuevos efectuando combinaci\u00f3nes particulares, todas capaces de crear efectos luminosos que tan apasionan a los profesionistas del color.<\/p>\n","protected":false},"excerpt":{"rendered":"<p>Passion colour oil ammonia free anti age es una coloraci\u00f2n multifuncional que permite obtener: coloraci\u00f3n permanente \u2013 tono sobre tono \u2013 reflejante.<\/p>\n","protected":false},"featured_media":7847,"comment_status":"open","ping_status":"closed","template":"","meta":{"_acf_changed":false},"product_brand":[],"product_cat":[479,156],"product_tag":[],"class_list":{"0":"post-7846","1":"product","2":"type-product","3":"status-publish","4":"has-post-thumbnail","6":"product_cat-area-tecnica-es","7":"product_cat-passion-es","9":"first","10":"instock","11":"shipping-taxable","12":"product-type-simple"},"acf":[],"yoast_head":"<!-- This site is optimized with the Yoast SEO plugin v24.6 - https:\/\/yoast.com\/wordpress\/plugins\/seo\/ -->\n<title>Passion Colour Oil - Emmediciotto<\/title>\n<meta name=\"robots\" content=\"index, follow, max-snippet:-1, max-image-preview:large, max-video-preview:-1\" \/>\n<link rel=\"canonical\" href=\"https:\/\/www.emmediciotto.com\/es\/product\/passion-colour-oil\/\" \/>\n<meta property=\"og:locale\" content=\"es_ES\" \/>\n<meta property=\"og:type\" content=\"article\" \/>\n<meta property=\"og:title\" content=\"Passion Colour Oil - Emmediciotto\" \/>\n<meta property=\"og:description\" content=\"Passion colour oil ammonia free anti age es una coloraci\u00f2n multifuncional que permite obtener: coloraci\u00f3n permanente \u2013 tono sobre tono \u2013 reflejante.\" \/>\n<meta property=\"og:url\" content=\"https:\/\/www.emmediciotto.com\/es\/product\/passion-colour-oil\/\" \/>\n<meta property=\"og:site_name\" content=\"Emmediciotto\" \/>\n<meta property=\"article:modified_time\" content=\"2022-08-29T09:16:27+00:00\" \/>\n<meta property=\"og:image\" content=\"https:\/\/www.emmediciotto.com\/wp-content\/uploads\/2019\/02\/Passion-3x100-ml.png\" \/>\n\t<meta property=\"og:image:width\" content=\"500\" \/>\n\t<meta property=\"og:image:height\" content=\"693\" \/>\n\t<meta property=\"og:image:type\" content=\"image\/png\" \/>\n<meta name=\"twitter:card\" content=\"summary_large_image\" \/>\n<meta name=\"twitter:label1\" content=\"Tiempo de lectura\" \/>\n\t<meta name=\"twitter:data1\" content=\"1 minuto\" \/>\n<script type=\"application\/ld+json\" class=\"yoast-schema-graph\">{\"@context\":\"https:\/\/schema.org\",\"@graph\":[{\"@type\":\"WebPage\",\"@id\":\"https:\/\/www.emmediciotto.com\/es\/product\/passion-colour-oil\/\",\"url\":\"https:\/\/www.emmediciotto.com\/es\/product\/passion-colour-oil\/\",\"name\":\"Passion Colour Oil - Emmediciotto\",\"isPartOf\":{\"@id\":\"https:\/\/www.emmediciotto.com\/#website\"},\"primaryImageOfPage\":{\"@id\":\"https:\/\/www.emmediciotto.com\/es\/product\/passion-colour-oil\/#primaryimage\"},\"image\":{\"@id\":\"https:\/\/www.emmediciotto.com\/es\/product\/passion-colour-oil\/#primaryimage\"},\"thumbnailUrl\":\"https:\/\/www.emmediciotto.com\/wp-content\/uploads\/2019\/02\/Passion-3x100-ml.png\",\"datePublished\":\"2019-05-09T12:00:47+00:00\",\"dateModified\":\"2022-08-29T09:16:27+00:00\",\"breadcrumb\":{\"@id\":\"https:\/\/www.emmediciotto.com\/es\/product\/passion-colour-oil\/#breadcrumb\"},\"inLanguage\":\"es\",\"potentialAction\":[{\"@type\":\"ReadAction\",\"target\":[\"https:\/\/www.emmediciotto.com\/es\/product\/passion-colour-oil\/\"]}]},{\"@type\":\"ImageObject\",\"inLanguage\":\"es\",\"@id\":\"https:\/\/www.emmediciotto.com\/es\/product\/passion-colour-oil\/#primaryimage\",\"url\":\"https:\/\/www.emmediciotto.com\/wp-content\/uploads\/2019\/02\/Passion-3x100-ml.png\",\"contentUrl\":\"https:\/\/www.emmediciotto.com\/wp-content\/uploads\/2019\/02\/Passion-3x100-ml.png\",\"width\":500,\"height\":693},{\"@type\":\"BreadcrumbList\",\"@id\":\"https:\/\/www.emmediciotto.com\/es\/product\/passion-colour-oil\/#breadcrumb\",\"itemListElement\":[{\"@type\":\"ListItem\",\"position\":1,\"name\":\"Home\",\"item\":\"https:\/\/www.emmediciotto.com\/es\/\"},{\"@type\":\"ListItem\",\"position\":2,\"name\":\"Shop\",\"item\":\"https:\/\/www.emmediciotto.com\/es\/shop\/\"},{\"@type\":\"ListItem\",\"position\":3,\"name\":\"Passion Colour Oil\"}]},{\"@type\":\"WebSite\",\"@id\":\"https:\/\/www.emmediciotto.com\/#website\",\"url\":\"https:\/\/www.emmediciotto.com\/\",\"name\":\"Emmediciotto\",\"description\":\"Take care of your hair as you do with your skin\",\"potentialAction\":[{\"@type\":\"SearchAction\",\"target\":{\"@type\":\"EntryPoint\",\"urlTemplate\":\"https:\/\/www.emmediciotto.com\/?s={search_term_string}\"},\"query-input\":{\"@type\":\"PropertyValueSpecification\",\"valueRequired\":true,\"valueName\":\"search_term_string\"}}],\"inLanguage\":\"es\"}]}<\/script>\n<!-- \/ Yoast SEO plugin. -->","yoast_head_json":{"title":"Passion Colour Oil - Emmediciotto","robots":{"index":"index","follow":"follow","max-snippet":"max-snippet:-1","max-image-preview":"max-image-preview:large","max-video-preview":"max-video-preview:-1"},"canonical":"https:\/\/www.emmediciotto.com\/es\/product\/passion-colour-oil\/","og_locale":"es_ES","og_type":"article","og_title":"Passion Colour Oil - Emmediciotto","og_description":"Passion colour oil ammonia free anti age es una coloraci\u00f2n multifuncional que permite obtener: coloraci\u00f3n permanente \u2013 tono sobre tono \u2013 reflejante.","og_url":"https:\/\/www.emmediciotto.com\/es\/product\/passion-colour-oil\/","og_site_name":"Emmediciotto","article_modified_time":"2022-08-29T09:16:27+00:00","og_image":[{"width":500,"height":693,"url":"https:\/\/www.emmediciotto.com\/wp-content\/uploads\/2019\/02\/Passion-3x100-ml.png","type":"image\/png"}],"twitter_card":"summary_large_image","twitter_misc":{"Tiempo de lectura":"1 minuto"},"schema":{"@context":"https:\/\/schema.org","@graph":[{"@type":"WebPage","@id":"https:\/\/www.emmediciotto.com\/es\/product\/passion-colour-oil\/","url":"https:\/\/www.emmediciotto.com\/es\/product\/passion-colour-oil\/","name":"Passion Colour Oil - Emmediciotto","isPartOf":{"@id":"https:\/\/www.emmediciotto.com\/#website"},"primaryImageOfPage":{"@id":"https:\/\/www.emmediciotto.com\/es\/product\/passion-colour-oil\/#primaryimage"},"image":{"@id":"https:\/\/www.emmediciotto.com\/es\/product\/passion-colour-oil\/#primaryimage"},"thumbnailUrl":"https:\/\/www.emmediciotto.com\/wp-content\/uploads\/2019\/02\/Passion-3x100-ml.png","datePublished":"2019-05-09T12:00:47+00:00","dateModified":"2022-08-29T09:16:27+00:00","breadcrumb":{"@id":"https:\/\/www.emmediciotto.com\/es\/product\/passion-colour-oil\/#breadcrumb"},"inLanguage":"es","potentialAction":[{"@type":"ReadAction","target":["https:\/\/www.emmediciotto.com\/es\/product\/passion-colour-oil\/"]}]},{"@type":"ImageObject","inLanguage":"es","@id":"https:\/\/www.emmediciotto.com\/es\/product\/passion-colour-oil\/#primaryimage","url":"https:\/\/www.emmediciotto.com\/wp-content\/uploads\/2019\/02\/Passion-3x100-ml.png","contentUrl":"https:\/\/www.emmediciotto.com\/wp-content\/uploads\/2019\/02\/Passion-3x100-ml.png","width":500,"height":693},{"@type":"BreadcrumbList","@id":"https:\/\/www.emmediciotto.com\/es\/product\/passion-colour-oil\/#breadcrumb","itemListElement":[{"@type":"ListItem","position":1,"name":"Home","item":"https:\/\/www.emmediciotto.com\/es\/"},{"@type":"ListItem","position":2,"name":"Shop","item":"https:\/\/www.emmediciotto.com\/es\/shop\/"},{"@type":"ListItem","position":3,"name":"Passion Colour Oil"}]},{"@type":"WebSite","@id":"https:\/\/www.emmediciotto.com\/#website","url":"https:\/\/www.emmediciotto.com\/","name":"Emmediciotto","description":"Take care of your hair as you do with your skin","potentialAction":[{"@type":"SearchAction","target":{"@type":"EntryPoint","urlTemplate":"https:\/\/www.emmediciotto.com\/?s={search_term_string}"},"query-input":{"@type":"PropertyValueSpecification","valueRequired":true,"valueName":"search_term_string"}}],"inLanguage":"es"}]}},"_links":{"self":[{"href":"https:\/\/www.emmediciotto.com\/es\/wp-json\/wp\/v2\/product\/7846","targetHints":{"allow":["GET"]}}],"collection":[{"href":"https:\/\/www.emmediciotto.com\/es\/wp-json\/wp\/v2\/product"}],"about":[{"href":"https:\/\/www.emmediciotto.com\/es\/wp-json\/wp\/v2\/types\/product"}],"replies":[{"embeddable":true,"href":"https:\/\/www.emmediciotto.com\/es\/wp-json\/wp\/v2\/comments?post=7846"}],"wp:featuredmedia":[{"embeddable":true,"href":"https:\/\/www.emmediciotto.com\/es\/wp-json\/wp\/v2\/media\/7847"}],"wp:attachment":[{"href":"https:\/\/www.emmediciotto.com\/es\/wp-json\/wp\/v2\/media?parent=7846"}],"wp:term":[{"taxonomy":"product_brand","embeddable":true,"href":"https:\/\/www.emmediciotto.com\/es\/wp-json\/wp\/v2\/product_brand?post=7846"},{"taxonomy":"product_cat","embeddable":true,"href":"https:\/\/www.emmediciotto.com\/es\/wp-json\/wp\/v2\/product_cat?post=7846"},{"taxonomy":"product_tag","embeddable":true,"href":"https:\/\/www.emmediciotto.com\/es\/wp-json\/wp\/v2\/product_tag?post=7846"}],"curies":[{"name":"wp","href":"https:\/\/api.w.org\/{rel}","templated":true}]}}