{"id":7835,"date":"2019-05-08T17:03:39","date_gmt":"2019-05-08T15:03:40","guid":{"rendered":"https:\/\/www.emmediciotto.com\/?post_type=product&#038;p=7835"},"modified":"2024-05-06T15:47:39","modified_gmt":"2024-05-06T13:47:39","slug":"extra-strong18-hair-spray-extra-strong","status":"publish","type":"product","link":"https:\/\/www.emmediciotto.com\/es\/product\/extra-strong18-hair-spray-extra-strong\/","title":{"rendered":"18 Hair Spray Extra Strong"},"content":{"rendered":"<p class=\"p1\" style=\"text-align: center;\"><span class=\"s1\">Hair spray extra fuerte, natural, con altas prestaci\u00f3nes, de uso cotidiano. Proporciona una fijaci\u00f3n extra fuerte sin que los cabellos se vuelvan pesados, ideal para fijaciones extra fuertes, garantiza un poder de fijaci\u00f3n consistente. Se evapora instant\u00e1neamente y no deja residuos. Indicado para todo tipo de cabellos, se elimina con un r\u00e1pido cepillado. No contiene CFC.<\/span><\/p>\n","protected":false},"excerpt":{"rendered":"<p><span class=\"s1\">Hair spray extra fuerte, natural, con altas prestaci\u00f3nes, de uso cotidiano. <\/span><\/p>\n","protected":false},"featured_media":6945,"comment_status":"closed","ping_status":"closed","template":"","meta":{"_acf_changed":false},"product_brand":[],"product_cat":[477,167],"product_tag":[],"class_list":{"0":"post-7835","1":"product","2":"type-product","3":"status-publish","4":"has-post-thumbnail","6":"product_cat-hair-care-2-es","7":"product_cat-styling_finishing-es","9":"first","10":"instock","11":"shipping-taxable","12":"purchasable","13":"product-type-simple"},"acf":[],"yoast_head":"<!-- This site is optimized with the Yoast SEO plugin v24.6 - https:\/\/yoast.com\/wordpress\/plugins\/seo\/ -->\n<title>18 Hair Spray Extra Strong - Emmediciotto<\/title>\n<meta name=\"robots\" content=\"index, follow, max-snippet:-1, max-image-preview:large, max-video-preview:-1\" \/>\n<link rel=\"canonical\" href=\"https:\/\/www.emmediciotto.com\/es\/product\/extra-strong18-hair-spray-extra-strong\/\" \/>\n<meta property=\"og:locale\" content=\"es_ES\" \/>\n<meta property=\"og:type\" content=\"article\" \/>\n<meta property=\"og:title\" content=\"18 Hair Spray Extra Strong - Emmediciotto\" \/>\n<meta property=\"og:description\" content=\"Hair spray extra fuerte, natural, con altas prestaci\u00f3nes, de uso cotidiano.\" \/>\n<meta property=\"og:url\" content=\"https:\/\/www.emmediciotto.com\/es\/product\/extra-strong18-hair-spray-extra-strong\/\" \/>\n<meta property=\"og:site_name\" content=\"Emmediciotto\" \/>\n<meta property=\"article:modified_time\" content=\"2024-05-06T13:47:39+00:00\" \/>\n<meta property=\"og:image\" content=\"https:\/\/www.emmediciotto.com\/wp-content\/uploads\/2019\/04\/18-Hair-Spray.png\" \/>\n\t<meta property=\"og:image:width\" content=\"500\" \/>\n\t<meta property=\"og:image:height\" content=\"693\" \/>\n\t<meta property=\"og:image:type\" content=\"image\/png\" \/>\n<meta name=\"twitter:card\" content=\"summary_large_image\" \/>\n<script type=\"application\/ld+json\" class=\"yoast-schema-graph\">{\"@context\":\"https:\/\/schema.org\",\"@graph\":[{\"@type\":\"WebPage\",\"@id\":\"https:\/\/www.emmediciotto.com\/es\/product\/extra-strong18-hair-spray-extra-strong\/\",\"url\":\"https:\/\/www.emmediciotto.com\/es\/product\/extra-strong18-hair-spray-extra-strong\/\",\"name\":\"18 Hair Spray Extra Strong - Emmediciotto\",\"isPartOf\":{\"@id\":\"https:\/\/www.emmediciotto.com\/#website\"},\"primaryImageOfPage\":{\"@id\":\"https:\/\/www.emmediciotto.com\/es\/product\/extra-strong18-hair-spray-extra-strong\/#primaryimage\"},\"image\":{\"@id\":\"https:\/\/www.emmediciotto.com\/es\/product\/extra-strong18-hair-spray-extra-strong\/#primaryimage\"},\"thumbnailUrl\":\"https:\/\/www.emmediciotto.com\/wp-content\/uploads\/2019\/04\/18-Hair-Spray.png\",\"datePublished\":\"2019-05-08T15:03:40+00:00\",\"dateModified\":\"2024-05-06T13:47:39+00:00\",\"breadcrumb\":{\"@id\":\"https:\/\/www.emmediciotto.com\/es\/product\/extra-strong18-hair-spray-extra-strong\/#breadcrumb\"},\"inLanguage\":\"es\",\"potentialAction\":[{\"@type\":\"ReadAction\",\"target\":[\"https:\/\/www.emmediciotto.com\/es\/product\/extra-strong18-hair-spray-extra-strong\/\"]}]},{\"@type\":\"ImageObject\",\"inLanguage\":\"es\",\"@id\":\"https:\/\/www.emmediciotto.com\/es\/product\/extra-strong18-hair-spray-extra-strong\/#primaryimage\",\"url\":\"https:\/\/www.emmediciotto.com\/wp-content\/uploads\/2019\/04\/18-Hair-Spray.png\",\"contentUrl\":\"https:\/\/www.emmediciotto.com\/wp-content\/uploads\/2019\/04\/18-Hair-Spray.png\",\"width\":500,\"height\":693},{\"@type\":\"BreadcrumbList\",\"@id\":\"https:\/\/www.emmediciotto.com\/es\/product\/extra-strong18-hair-spray-extra-strong\/#breadcrumb\",\"itemListElement\":[{\"@type\":\"ListItem\",\"position\":1,\"name\":\"Home\",\"item\":\"https:\/\/www.emmediciotto.com\/es\/\"},{\"@type\":\"ListItem\",\"position\":2,\"name\":\"Shop\",\"item\":\"https:\/\/www.emmediciotto.com\/es\/shop\/\"},{\"@type\":\"ListItem\",\"position\":3,\"name\":\"18 Hair Spray Extra Strong\"}]},{\"@type\":\"WebSite\",\"@id\":\"https:\/\/www.emmediciotto.com\/#website\",\"url\":\"https:\/\/www.emmediciotto.com\/\",\"name\":\"Emmediciotto\",\"description\":\"Take care of your hair as you do with your skin\",\"potentialAction\":[{\"@type\":\"SearchAction\",\"target\":{\"@type\":\"EntryPoint\",\"urlTemplate\":\"https:\/\/www.emmediciotto.com\/?s={search_term_string}\"},\"query-input\":{\"@type\":\"PropertyValueSpecification\",\"valueRequired\":true,\"valueName\":\"search_term_string\"}}],\"inLanguage\":\"es\"}]}<\/script>\n<!-- \/ Yoast SEO plugin. -->","yoast_head_json":{"title":"18 Hair Spray Extra Strong - Emmediciotto","robots":{"index":"index","follow":"follow","max-snippet":"max-snippet:-1","max-image-preview":"max-image-preview:large","max-video-preview":"max-video-preview:-1"},"canonical":"https:\/\/www.emmediciotto.com\/es\/product\/extra-strong18-hair-spray-extra-strong\/","og_locale":"es_ES","og_type":"article","og_title":"18 Hair Spray Extra Strong - Emmediciotto","og_description":"Hair spray extra fuerte, natural, con altas prestaci\u00f3nes, de uso cotidiano.","og_url":"https:\/\/www.emmediciotto.com\/es\/product\/extra-strong18-hair-spray-extra-strong\/","og_site_name":"Emmediciotto","article_modified_time":"2024-05-06T13:47:39+00:00","og_image":[{"width":500,"height":693,"url":"https:\/\/www.emmediciotto.com\/wp-content\/uploads\/2019\/04\/18-Hair-Spray.png","type":"image\/png"}],"twitter_card":"summary_large_image","schema":{"@context":"https:\/\/schema.org","@graph":[{"@type":"WebPage","@id":"https:\/\/www.emmediciotto.com\/es\/product\/extra-strong18-hair-spray-extra-strong\/","url":"https:\/\/www.emmediciotto.com\/es\/product\/extra-strong18-hair-spray-extra-strong\/","name":"18 Hair Spray Extra Strong - Emmediciotto","isPartOf":{"@id":"https:\/\/www.emmediciotto.com\/#website"},"primaryImageOfPage":{"@id":"https:\/\/www.emmediciotto.com\/es\/product\/extra-strong18-hair-spray-extra-strong\/#primaryimage"},"image":{"@id":"https:\/\/www.emmediciotto.com\/es\/product\/extra-strong18-hair-spray-extra-strong\/#primaryimage"},"thumbnailUrl":"https:\/\/www.emmediciotto.com\/wp-content\/uploads\/2019\/04\/18-Hair-Spray.png","datePublished":"2019-05-08T15:03:40+00:00","dateModified":"2024-05-06T13:47:39+00:00","breadcrumb":{"@id":"https:\/\/www.emmediciotto.com\/es\/product\/extra-strong18-hair-spray-extra-strong\/#breadcrumb"},"inLanguage":"es","potentialAction":[{"@type":"ReadAction","target":["https:\/\/www.emmediciotto.com\/es\/product\/extra-strong18-hair-spray-extra-strong\/"]}]},{"@type":"ImageObject","inLanguage":"es","@id":"https:\/\/www.emmediciotto.com\/es\/product\/extra-strong18-hair-spray-extra-strong\/#primaryimage","url":"https:\/\/www.emmediciotto.com\/wp-content\/uploads\/2019\/04\/18-Hair-Spray.png","contentUrl":"https:\/\/www.emmediciotto.com\/wp-content\/uploads\/2019\/04\/18-Hair-Spray.png","width":500,"height":693},{"@type":"BreadcrumbList","@id":"https:\/\/www.emmediciotto.com\/es\/product\/extra-strong18-hair-spray-extra-strong\/#breadcrumb","itemListElement":[{"@type":"ListItem","position":1,"name":"Home","item":"https:\/\/www.emmediciotto.com\/es\/"},{"@type":"ListItem","position":2,"name":"Shop","item":"https:\/\/www.emmediciotto.com\/es\/shop\/"},{"@type":"ListItem","position":3,"name":"18 Hair Spray Extra Strong"}]},{"@type":"WebSite","@id":"https:\/\/www.emmediciotto.com\/#website","url":"https:\/\/www.emmediciotto.com\/","name":"Emmediciotto","description":"Take care of your hair as you do with your skin","potentialAction":[{"@type":"SearchAction","target":{"@type":"EntryPoint","urlTemplate":"https:\/\/www.emmediciotto.com\/?s={search_term_string}"},"query-input":{"@type":"PropertyValueSpecification","valueRequired":true,"valueName":"search_term_string"}}],"inLanguage":"es"}]}},"_links":{"self":[{"href":"https:\/\/www.emmediciotto.com\/es\/wp-json\/wp\/v2\/product\/7835","targetHints":{"allow":["GET"]}}],"collection":[{"href":"https:\/\/www.emmediciotto.com\/es\/wp-json\/wp\/v2\/product"}],"about":[{"href":"https:\/\/www.emmediciotto.com\/es\/wp-json\/wp\/v2\/types\/product"}],"replies":[{"embeddable":true,"href":"https:\/\/www.emmediciotto.com\/es\/wp-json\/wp\/v2\/comments?post=7835"}],"wp:featuredmedia":[{"embeddable":true,"href":"https:\/\/www.emmediciotto.com\/es\/wp-json\/wp\/v2\/media\/6945"}],"wp:attachment":[{"href":"https:\/\/www.emmediciotto.com\/es\/wp-json\/wp\/v2\/media?parent=7835"}],"wp:term":[{"taxonomy":"product_brand","embeddable":true,"href":"https:\/\/www.emmediciotto.com\/es\/wp-json\/wp\/v2\/product_brand?post=7835"},{"taxonomy":"product_cat","embeddable":true,"href":"https:\/\/www.emmediciotto.com\/es\/wp-json\/wp\/v2\/product_cat?post=7835"},{"taxonomy":"product_tag","embeddable":true,"href":"https:\/\/www.emmediciotto.com\/es\/wp-json\/wp\/v2\/product_tag?post=7835"}],"curies":[{"name":"wp","href":"https:\/\/api.w.org\/{rel}","templated":true}]}}