{"id":7038,"date":"2019-04-04T14:16:13","date_gmt":"2019-04-04T12:16:13","guid":{"rendered":"https:\/\/www.emmediciotto.com\/prodotto\/10-extra-hold-mousse\/"},"modified":"2024-05-06T15:47:35","modified_gmt":"2024-05-06T13:47:35","slug":"10-extra-hold-mousse","status":"publish","type":"product","link":"https:\/\/www.emmediciotto.com\/es\/product\/10-extra-hold-mousse\/","title":{"rendered":"10 Extra-Hold Mousse"},"content":{"rendered":"<p style=\"text-align: center;\">Espuma acondicionadora de fijaci\u00f3n extra fuerte. Su f\u00f3rmula de textura extra y compacta, proporciona al cabello una fijaci\u00f3n el\u00e1stica y duradera. Facilita la realizaci\u00f3n de cualquier tipo de peinado con \u00f3ptimos resultados. Panthenol protegen la estructura del cabello contra los agentes clim\u00e1ticos, envolvi\u00e9ndo su superficie con una pel\u00edcula invisible que permite alcanzar un efecto luminoso y m\u00e1s suave al tacto. Indicado para todo tipo de cabellos.<\/p>\n","protected":false},"excerpt":{"rendered":"<p>Espuma acondicionadora de fijaci\u00f3n extra fuerte. Su f\u00f3rmula de textura extra y compacta, proporciona al cabello una fijaci\u00f3n el\u00e1stica y duradera.<\/p>\n","protected":false},"featured_media":7039,"comment_status":"closed","ping_status":"closed","template":"","meta":{"_acf_changed":false},"product_brand":[],"product_cat":[477,167],"product_tag":[],"class_list":{"0":"post-7038","1":"product","2":"type-product","3":"status-publish","4":"has-post-thumbnail","6":"product_cat-hair-care-2-es","7":"product_cat-styling_finishing-es","9":"first","10":"instock","11":"shipping-taxable","12":"purchasable","13":"product-type-simple"},"acf":[],"yoast_head":"<!-- This site is optimized with the Yoast SEO plugin v24.6 - https:\/\/yoast.com\/wordpress\/plugins\/seo\/ -->\n<title>10 Extra-Hold Mousse - Emmediciotto<\/title>\n<meta name=\"robots\" content=\"index, follow, max-snippet:-1, max-image-preview:large, max-video-preview:-1\" \/>\n<link rel=\"canonical\" href=\"https:\/\/www.emmediciotto.com\/es\/product\/10-extra-hold-mousse\/\" \/>\n<meta property=\"og:locale\" content=\"es_ES\" \/>\n<meta property=\"og:type\" content=\"article\" \/>\n<meta property=\"og:title\" content=\"10 Extra-Hold Mousse - Emmediciotto\" \/>\n<meta property=\"og:description\" content=\"Espuma acondicionadora de fijaci\u00f3n extra fuerte. Su f\u00f3rmula de textura extra y compacta, proporciona al cabello una fijaci\u00f3n el\u00e1stica y duradera.\" \/>\n<meta property=\"og:url\" content=\"https:\/\/www.emmediciotto.com\/es\/product\/10-extra-hold-mousse\/\" \/>\n<meta property=\"og:site_name\" content=\"Emmediciotto\" \/>\n<meta property=\"article:modified_time\" content=\"2024-05-06T13:47:35+00:00\" \/>\n<meta property=\"og:image\" content=\"https:\/\/www.emmediciotto.com\/wp-content\/uploads\/2019\/04\/10-Extra-Hold-Mousse.png\" \/>\n\t<meta property=\"og:image:width\" content=\"500\" \/>\n\t<meta property=\"og:image:height\" content=\"693\" \/>\n\t<meta property=\"og:image:type\" content=\"image\/png\" \/>\n<meta name=\"twitter:card\" content=\"summary_large_image\" \/>\n<script type=\"application\/ld+json\" class=\"yoast-schema-graph\">{\"@context\":\"https:\/\/schema.org\",\"@graph\":[{\"@type\":\"WebPage\",\"@id\":\"https:\/\/www.emmediciotto.com\/es\/product\/10-extra-hold-mousse\/\",\"url\":\"https:\/\/www.emmediciotto.com\/es\/product\/10-extra-hold-mousse\/\",\"name\":\"10 Extra-Hold Mousse - Emmediciotto\",\"isPartOf\":{\"@id\":\"https:\/\/www.emmediciotto.com\/#website\"},\"primaryImageOfPage\":{\"@id\":\"https:\/\/www.emmediciotto.com\/es\/product\/10-extra-hold-mousse\/#primaryimage\"},\"image\":{\"@id\":\"https:\/\/www.emmediciotto.com\/es\/product\/10-extra-hold-mousse\/#primaryimage\"},\"thumbnailUrl\":\"https:\/\/www.emmediciotto.com\/wp-content\/uploads\/2019\/04\/10-Extra-Hold-Mousse.png\",\"datePublished\":\"2019-04-04T12:16:13+00:00\",\"dateModified\":\"2024-05-06T13:47:35+00:00\",\"breadcrumb\":{\"@id\":\"https:\/\/www.emmediciotto.com\/es\/product\/10-extra-hold-mousse\/#breadcrumb\"},\"inLanguage\":\"es\",\"potentialAction\":[{\"@type\":\"ReadAction\",\"target\":[\"https:\/\/www.emmediciotto.com\/es\/product\/10-extra-hold-mousse\/\"]}]},{\"@type\":\"ImageObject\",\"inLanguage\":\"es\",\"@id\":\"https:\/\/www.emmediciotto.com\/es\/product\/10-extra-hold-mousse\/#primaryimage\",\"url\":\"https:\/\/www.emmediciotto.com\/wp-content\/uploads\/2019\/04\/10-Extra-Hold-Mousse.png\",\"contentUrl\":\"https:\/\/www.emmediciotto.com\/wp-content\/uploads\/2019\/04\/10-Extra-Hold-Mousse.png\",\"width\":500,\"height\":693},{\"@type\":\"BreadcrumbList\",\"@id\":\"https:\/\/www.emmediciotto.com\/es\/product\/10-extra-hold-mousse\/#breadcrumb\",\"itemListElement\":[{\"@type\":\"ListItem\",\"position\":1,\"name\":\"Home\",\"item\":\"https:\/\/www.emmediciotto.com\/es\/\"},{\"@type\":\"ListItem\",\"position\":2,\"name\":\"Shop\",\"item\":\"https:\/\/www.emmediciotto.com\/es\/shop\/\"},{\"@type\":\"ListItem\",\"position\":3,\"name\":\"10 Extra-Hold Mousse\"}]},{\"@type\":\"WebSite\",\"@id\":\"https:\/\/www.emmediciotto.com\/#website\",\"url\":\"https:\/\/www.emmediciotto.com\/\",\"name\":\"Emmediciotto\",\"description\":\"Take care of your hair as you do with your skin\",\"potentialAction\":[{\"@type\":\"SearchAction\",\"target\":{\"@type\":\"EntryPoint\",\"urlTemplate\":\"https:\/\/www.emmediciotto.com\/?s={search_term_string}\"},\"query-input\":{\"@type\":\"PropertyValueSpecification\",\"valueRequired\":true,\"valueName\":\"search_term_string\"}}],\"inLanguage\":\"es\"}]}<\/script>\n<!-- \/ Yoast SEO plugin. -->","yoast_head_json":{"title":"10 Extra-Hold Mousse - Emmediciotto","robots":{"index":"index","follow":"follow","max-snippet":"max-snippet:-1","max-image-preview":"max-image-preview:large","max-video-preview":"max-video-preview:-1"},"canonical":"https:\/\/www.emmediciotto.com\/es\/product\/10-extra-hold-mousse\/","og_locale":"es_ES","og_type":"article","og_title":"10 Extra-Hold Mousse - Emmediciotto","og_description":"Espuma acondicionadora de fijaci\u00f3n extra fuerte. Su f\u00f3rmula de textura extra y compacta, proporciona al cabello una fijaci\u00f3n el\u00e1stica y duradera.","og_url":"https:\/\/www.emmediciotto.com\/es\/product\/10-extra-hold-mousse\/","og_site_name":"Emmediciotto","article_modified_time":"2024-05-06T13:47:35+00:00","og_image":[{"width":500,"height":693,"url":"https:\/\/www.emmediciotto.com\/wp-content\/uploads\/2019\/04\/10-Extra-Hold-Mousse.png","type":"image\/png"}],"twitter_card":"summary_large_image","schema":{"@context":"https:\/\/schema.org","@graph":[{"@type":"WebPage","@id":"https:\/\/www.emmediciotto.com\/es\/product\/10-extra-hold-mousse\/","url":"https:\/\/www.emmediciotto.com\/es\/product\/10-extra-hold-mousse\/","name":"10 Extra-Hold Mousse - Emmediciotto","isPartOf":{"@id":"https:\/\/www.emmediciotto.com\/#website"},"primaryImageOfPage":{"@id":"https:\/\/www.emmediciotto.com\/es\/product\/10-extra-hold-mousse\/#primaryimage"},"image":{"@id":"https:\/\/www.emmediciotto.com\/es\/product\/10-extra-hold-mousse\/#primaryimage"},"thumbnailUrl":"https:\/\/www.emmediciotto.com\/wp-content\/uploads\/2019\/04\/10-Extra-Hold-Mousse.png","datePublished":"2019-04-04T12:16:13+00:00","dateModified":"2024-05-06T13:47:35+00:00","breadcrumb":{"@id":"https:\/\/www.emmediciotto.com\/es\/product\/10-extra-hold-mousse\/#breadcrumb"},"inLanguage":"es","potentialAction":[{"@type":"ReadAction","target":["https:\/\/www.emmediciotto.com\/es\/product\/10-extra-hold-mousse\/"]}]},{"@type":"ImageObject","inLanguage":"es","@id":"https:\/\/www.emmediciotto.com\/es\/product\/10-extra-hold-mousse\/#primaryimage","url":"https:\/\/www.emmediciotto.com\/wp-content\/uploads\/2019\/04\/10-Extra-Hold-Mousse.png","contentUrl":"https:\/\/www.emmediciotto.com\/wp-content\/uploads\/2019\/04\/10-Extra-Hold-Mousse.png","width":500,"height":693},{"@type":"BreadcrumbList","@id":"https:\/\/www.emmediciotto.com\/es\/product\/10-extra-hold-mousse\/#breadcrumb","itemListElement":[{"@type":"ListItem","position":1,"name":"Home","item":"https:\/\/www.emmediciotto.com\/es\/"},{"@type":"ListItem","position":2,"name":"Shop","item":"https:\/\/www.emmediciotto.com\/es\/shop\/"},{"@type":"ListItem","position":3,"name":"10 Extra-Hold Mousse"}]},{"@type":"WebSite","@id":"https:\/\/www.emmediciotto.com\/#website","url":"https:\/\/www.emmediciotto.com\/","name":"Emmediciotto","description":"Take care of your hair as you do with your skin","potentialAction":[{"@type":"SearchAction","target":{"@type":"EntryPoint","urlTemplate":"https:\/\/www.emmediciotto.com\/?s={search_term_string}"},"query-input":{"@type":"PropertyValueSpecification","valueRequired":true,"valueName":"search_term_string"}}],"inLanguage":"es"}]}},"_links":{"self":[{"href":"https:\/\/www.emmediciotto.com\/es\/wp-json\/wp\/v2\/product\/7038","targetHints":{"allow":["GET"]}}],"collection":[{"href":"https:\/\/www.emmediciotto.com\/es\/wp-json\/wp\/v2\/product"}],"about":[{"href":"https:\/\/www.emmediciotto.com\/es\/wp-json\/wp\/v2\/types\/product"}],"replies":[{"embeddable":true,"href":"https:\/\/www.emmediciotto.com\/es\/wp-json\/wp\/v2\/comments?post=7038"}],"wp:featuredmedia":[{"embeddable":true,"href":"https:\/\/www.emmediciotto.com\/es\/wp-json\/wp\/v2\/media\/7039"}],"wp:attachment":[{"href":"https:\/\/www.emmediciotto.com\/es\/wp-json\/wp\/v2\/media?parent=7038"}],"wp:term":[{"taxonomy":"product_brand","embeddable":true,"href":"https:\/\/www.emmediciotto.com\/es\/wp-json\/wp\/v2\/product_brand?post=7038"},{"taxonomy":"product_cat","embeddable":true,"href":"https:\/\/www.emmediciotto.com\/es\/wp-json\/wp\/v2\/product_cat?post=7038"},{"taxonomy":"product_tag","embeddable":true,"href":"https:\/\/www.emmediciotto.com\/es\/wp-json\/wp\/v2\/product_tag?post=7038"}],"curies":[{"name":"wp","href":"https:\/\/api.w.org\/{rel}","templated":true}]}}