{"id":6730,"date":"2019-04-08T15:33:52","date_gmt":"2019-04-08T13:33:52","guid":{"rendered":"https:\/\/www.emmediciotto.com\/prodotto\/clear\/"},"modified":"2022-08-29T11:30:28","modified_gmt":"2022-08-29T09:30:28","slug":"clear","status":"publish","type":"product","link":"https:\/\/www.emmediciotto.com\/es\/product\/clear\/","title":{"rendered":"Clear"},"content":{"rendered":"<p style=\"text-align: center;\">Crea tonalidades llenas de brillo que se pueden utilizar para todos los tipos de cabello, incluso en las clientes que tienen problemas con el color permanente, o en el cabello da\u00f1ado.\u00a0Es posible gracias a una formulaci\u00f3n de coloraci\u00f3n directa sin activador de ning\u00fan tipo. No contiene amon\u00edaco ni sus derivados, refleja el cabello deposit\u00e1ndose sobre las capas de la cut\u00edcula. Dona un brillo intenso y acondiciona el cabello al mismo tiempo. El cabello queda lleno de brillo, suave y flexible. F\u00e1cil de usar.<\/p>\n<p>&nbsp;<\/p>\n<p>&nbsp;<\/p>\n","protected":false},"excerpt":{"rendered":"<p style=\"text-align: left;\">Crea tonalidades llenas de brillo que se pueden utilizar para todos los tipos de cabello, incluso en las clientes que tienen problemas con el color permanente, o en el cabello da\u00f1ado.<\/p>\n","protected":false},"featured_media":6732,"comment_status":"closed","ping_status":"closed","template":"","meta":{"_acf_changed":false},"product_brand":[],"product_cat":[479,158],"product_tag":[],"class_list":{"0":"post-6730","1":"product","2":"type-product","3":"status-publish","4":"has-post-thumbnail","6":"product_cat-area-tecnica-es","7":"product_cat-brightcolor-es","9":"first","10":"instock","11":"shipping-taxable","12":"product-type-simple"},"acf":[],"yoast_head":"<!-- This site is optimized with the Yoast SEO plugin v24.6 - https:\/\/yoast.com\/wordpress\/plugins\/seo\/ -->\n<title>Clear - Emmediciotto<\/title>\n<meta name=\"robots\" content=\"index, follow, max-snippet:-1, max-image-preview:large, max-video-preview:-1\" \/>\n<link rel=\"canonical\" href=\"https:\/\/www.emmediciotto.com\/es\/product\/clear\/\" \/>\n<meta property=\"og:locale\" content=\"es_ES\" \/>\n<meta property=\"og:type\" content=\"article\" \/>\n<meta property=\"og:title\" content=\"Clear - Emmediciotto\" \/>\n<meta property=\"og:description\" content=\"Crea tonalidades llenas de brillo que se pueden utilizar para todos los tipos de cabello, incluso en las clientes que tienen problemas con el color permanente, o en el cabello da\u00f1ado.\" \/>\n<meta property=\"og:url\" content=\"https:\/\/www.emmediciotto.com\/es\/product\/clear\/\" \/>\n<meta property=\"og:site_name\" content=\"Emmediciotto\" \/>\n<meta property=\"article:modified_time\" content=\"2022-08-29T09:30:28+00:00\" \/>\n<meta property=\"og:image\" content=\"https:\/\/www.emmediciotto.com\/wp-content\/uploads\/2019\/04\/CLEAR.png\" \/>\n\t<meta property=\"og:image:width\" content=\"500\" \/>\n\t<meta property=\"og:image:height\" content=\"693\" \/>\n\t<meta property=\"og:image:type\" content=\"image\/png\" \/>\n<meta name=\"twitter:card\" content=\"summary_large_image\" \/>\n<script type=\"application\/ld+json\" class=\"yoast-schema-graph\">{\"@context\":\"https:\/\/schema.org\",\"@graph\":[{\"@type\":\"WebPage\",\"@id\":\"https:\/\/www.emmediciotto.com\/es\/product\/clear\/\",\"url\":\"https:\/\/www.emmediciotto.com\/es\/product\/clear\/\",\"name\":\"Clear - Emmediciotto\",\"isPartOf\":{\"@id\":\"https:\/\/www.emmediciotto.com\/#website\"},\"primaryImageOfPage\":{\"@id\":\"https:\/\/www.emmediciotto.com\/es\/product\/clear\/#primaryimage\"},\"image\":{\"@id\":\"https:\/\/www.emmediciotto.com\/es\/product\/clear\/#primaryimage\"},\"thumbnailUrl\":\"https:\/\/www.emmediciotto.com\/wp-content\/uploads\/2019\/04\/CLEAR.png\",\"datePublished\":\"2019-04-08T13:33:52+00:00\",\"dateModified\":\"2022-08-29T09:30:28+00:00\",\"breadcrumb\":{\"@id\":\"https:\/\/www.emmediciotto.com\/es\/product\/clear\/#breadcrumb\"},\"inLanguage\":\"es\",\"potentialAction\":[{\"@type\":\"ReadAction\",\"target\":[\"https:\/\/www.emmediciotto.com\/es\/product\/clear\/\"]}]},{\"@type\":\"ImageObject\",\"inLanguage\":\"es\",\"@id\":\"https:\/\/www.emmediciotto.com\/es\/product\/clear\/#primaryimage\",\"url\":\"https:\/\/www.emmediciotto.com\/wp-content\/uploads\/2019\/04\/CLEAR.png\",\"contentUrl\":\"https:\/\/www.emmediciotto.com\/wp-content\/uploads\/2019\/04\/CLEAR.png\",\"width\":500,\"height\":693},{\"@type\":\"BreadcrumbList\",\"@id\":\"https:\/\/www.emmediciotto.com\/es\/product\/clear\/#breadcrumb\",\"itemListElement\":[{\"@type\":\"ListItem\",\"position\":1,\"name\":\"Home\",\"item\":\"https:\/\/www.emmediciotto.com\/es\/\"},{\"@type\":\"ListItem\",\"position\":2,\"name\":\"Shop\",\"item\":\"https:\/\/www.emmediciotto.com\/es\/shop\/\"},{\"@type\":\"ListItem\",\"position\":3,\"name\":\"Clear\"}]},{\"@type\":\"WebSite\",\"@id\":\"https:\/\/www.emmediciotto.com\/#website\",\"url\":\"https:\/\/www.emmediciotto.com\/\",\"name\":\"Emmediciotto\",\"description\":\"Take care of your hair as you do with your skin\",\"potentialAction\":[{\"@type\":\"SearchAction\",\"target\":{\"@type\":\"EntryPoint\",\"urlTemplate\":\"https:\/\/www.emmediciotto.com\/?s={search_term_string}\"},\"query-input\":{\"@type\":\"PropertyValueSpecification\",\"valueRequired\":true,\"valueName\":\"search_term_string\"}}],\"inLanguage\":\"es\"}]}<\/script>\n<!-- \/ Yoast SEO plugin. -->","yoast_head_json":{"title":"Clear - Emmediciotto","robots":{"index":"index","follow":"follow","max-snippet":"max-snippet:-1","max-image-preview":"max-image-preview:large","max-video-preview":"max-video-preview:-1"},"canonical":"https:\/\/www.emmediciotto.com\/es\/product\/clear\/","og_locale":"es_ES","og_type":"article","og_title":"Clear - Emmediciotto","og_description":"Crea tonalidades llenas de brillo que se pueden utilizar para todos los tipos de cabello, incluso en las clientes que tienen problemas con el color permanente, o en el cabello da\u00f1ado.","og_url":"https:\/\/www.emmediciotto.com\/es\/product\/clear\/","og_site_name":"Emmediciotto","article_modified_time":"2022-08-29T09:30:28+00:00","og_image":[{"width":500,"height":693,"url":"https:\/\/www.emmediciotto.com\/wp-content\/uploads\/2019\/04\/CLEAR.png","type":"image\/png"}],"twitter_card":"summary_large_image","schema":{"@context":"https:\/\/schema.org","@graph":[{"@type":"WebPage","@id":"https:\/\/www.emmediciotto.com\/es\/product\/clear\/","url":"https:\/\/www.emmediciotto.com\/es\/product\/clear\/","name":"Clear - Emmediciotto","isPartOf":{"@id":"https:\/\/www.emmediciotto.com\/#website"},"primaryImageOfPage":{"@id":"https:\/\/www.emmediciotto.com\/es\/product\/clear\/#primaryimage"},"image":{"@id":"https:\/\/www.emmediciotto.com\/es\/product\/clear\/#primaryimage"},"thumbnailUrl":"https:\/\/www.emmediciotto.com\/wp-content\/uploads\/2019\/04\/CLEAR.png","datePublished":"2019-04-08T13:33:52+00:00","dateModified":"2022-08-29T09:30:28+00:00","breadcrumb":{"@id":"https:\/\/www.emmediciotto.com\/es\/product\/clear\/#breadcrumb"},"inLanguage":"es","potentialAction":[{"@type":"ReadAction","target":["https:\/\/www.emmediciotto.com\/es\/product\/clear\/"]}]},{"@type":"ImageObject","inLanguage":"es","@id":"https:\/\/www.emmediciotto.com\/es\/product\/clear\/#primaryimage","url":"https:\/\/www.emmediciotto.com\/wp-content\/uploads\/2019\/04\/CLEAR.png","contentUrl":"https:\/\/www.emmediciotto.com\/wp-content\/uploads\/2019\/04\/CLEAR.png","width":500,"height":693},{"@type":"BreadcrumbList","@id":"https:\/\/www.emmediciotto.com\/es\/product\/clear\/#breadcrumb","itemListElement":[{"@type":"ListItem","position":1,"name":"Home","item":"https:\/\/www.emmediciotto.com\/es\/"},{"@type":"ListItem","position":2,"name":"Shop","item":"https:\/\/www.emmediciotto.com\/es\/shop\/"},{"@type":"ListItem","position":3,"name":"Clear"}]},{"@type":"WebSite","@id":"https:\/\/www.emmediciotto.com\/#website","url":"https:\/\/www.emmediciotto.com\/","name":"Emmediciotto","description":"Take care of your hair as you do with your skin","potentialAction":[{"@type":"SearchAction","target":{"@type":"EntryPoint","urlTemplate":"https:\/\/www.emmediciotto.com\/?s={search_term_string}"},"query-input":{"@type":"PropertyValueSpecification","valueRequired":true,"valueName":"search_term_string"}}],"inLanguage":"es"}]}},"_links":{"self":[{"href":"https:\/\/www.emmediciotto.com\/es\/wp-json\/wp\/v2\/product\/6730","targetHints":{"allow":["GET"]}}],"collection":[{"href":"https:\/\/www.emmediciotto.com\/es\/wp-json\/wp\/v2\/product"}],"about":[{"href":"https:\/\/www.emmediciotto.com\/es\/wp-json\/wp\/v2\/types\/product"}],"replies":[{"embeddable":true,"href":"https:\/\/www.emmediciotto.com\/es\/wp-json\/wp\/v2\/comments?post=6730"}],"wp:featuredmedia":[{"embeddable":true,"href":"https:\/\/www.emmediciotto.com\/es\/wp-json\/wp\/v2\/media\/6732"}],"wp:attachment":[{"href":"https:\/\/www.emmediciotto.com\/es\/wp-json\/wp\/v2\/media?parent=6730"}],"wp:term":[{"taxonomy":"product_brand","embeddable":true,"href":"https:\/\/www.emmediciotto.com\/es\/wp-json\/wp\/v2\/product_brand?post=6730"},{"taxonomy":"product_cat","embeddable":true,"href":"https:\/\/www.emmediciotto.com\/es\/wp-json\/wp\/v2\/product_cat?post=6730"},{"taxonomy":"product_tag","embeddable":true,"href":"https:\/\/www.emmediciotto.com\/es\/wp-json\/wp\/v2\/product_tag?post=6730"}],"curies":[{"name":"wp","href":"https:\/\/api.w.org\/{rel}","templated":true}]}}