{"id":6669,"date":"2019-04-08T17:33:17","date_gmt":"2019-04-08T15:33:17","guid":{"rendered":"https:\/\/www.emmediciotto.com\/prodotto\/vitaminic-neutralising\/"},"modified":"2022-08-29T11:19:53","modified_gmt":"2022-08-29T09:19:53","slug":"vitaminic-neutralising","status":"publish","type":"product","link":"https:\/\/www.emmediciotto.com\/es\/product\/vitaminic-neutralising\/","title":{"rendered":"Vitaminic Neutralising"},"content":{"rendered":"<div class=\"titolo\" style=\"text-align: center;\">\n<p class=\"Paragrafobase\">Loci\u00f3n neutralizante a base de <strong>vitaminas y pantenol\u00a0<\/strong>que act\u00faa en el interior del cabello fijando definitivamente el tratamiento\u00a0de ondulaci\u00f3n o alisado.\u00a0Brinda al cabello brillo y peinabilidad. Fija y limpia a fondo gracias a las micropart\u00edculas de champ\u00fa dejando en el cabello un agradable perfume de fresco. El pantenol ayuda a mantener el cabello <strong>el\u00e1stico, suave y lleno de brillo<\/strong>.<\/p>\n<p class=\"Paragrafobase\">\n<\/div>\n","protected":false},"excerpt":{"rendered":"<div class=\"titolo\" style=\"text-align: left;\">Loci\u00f3n neutralizante a base de <strong>vitaminas y pantenol<\/strong>que act\u00faa en el interior del cabello fijando definitivamente el tratamiento\u00a0de ondulaci\u00f3n o alisado.<\/div>\n","protected":false},"featured_media":6670,"comment_status":"closed","ping_status":"closed","template":"","meta":{"_acf_changed":false},"product_brand":[],"product_cat":[479,155,483],"product_tag":[],"class_list":{"0":"post-6669","1":"product","2":"type-product","3":"status-publish","4":"has-post-thumbnail","6":"product_cat-area-tecnica-es","7":"product_cat-forma-es","8":"product_cat-vitaminic-es","10":"first","11":"instock","12":"shipping-taxable","13":"product-type-simple"},"acf":[],"yoast_head":"<!-- This site is optimized with the Yoast SEO plugin v24.6 - https:\/\/yoast.com\/wordpress\/plugins\/seo\/ -->\n<title>Vitaminic Neutralising - Emmediciotto<\/title>\n<meta name=\"robots\" content=\"index, follow, max-snippet:-1, max-image-preview:large, max-video-preview:-1\" \/>\n<link rel=\"canonical\" href=\"https:\/\/www.emmediciotto.com\/es\/product\/vitaminic-neutralising\/\" \/>\n<meta property=\"og:locale\" content=\"es_ES\" \/>\n<meta property=\"og:type\" content=\"article\" \/>\n<meta property=\"og:title\" content=\"Vitaminic Neutralising - Emmediciotto\" \/>\n<meta property=\"og:description\" content=\"Loci\u00f3n neutralizante a base de vitaminas y pantenolque act\u00faa en el interior del cabello fijando definitivamente el tratamiento\u00a0de ondulaci\u00f3n o alisado.\" \/>\n<meta property=\"og:url\" content=\"https:\/\/www.emmediciotto.com\/es\/product\/vitaminic-neutralising\/\" \/>\n<meta property=\"og:site_name\" content=\"Emmediciotto\" \/>\n<meta property=\"article:modified_time\" content=\"2022-08-29T09:19:53+00:00\" \/>\n<meta property=\"og:image\" content=\"https:\/\/www.emmediciotto.com\/wp-content\/uploads\/2019\/04\/VITAMINIC-Neutralising-500-ml.png\" \/>\n\t<meta property=\"og:image:width\" content=\"500\" \/>\n\t<meta property=\"og:image:height\" content=\"693\" \/>\n\t<meta property=\"og:image:type\" content=\"image\/png\" \/>\n<meta name=\"twitter:card\" content=\"summary_large_image\" \/>\n<script type=\"application\/ld+json\" class=\"yoast-schema-graph\">{\"@context\":\"https:\/\/schema.org\",\"@graph\":[{\"@type\":\"WebPage\",\"@id\":\"https:\/\/www.emmediciotto.com\/es\/product\/vitaminic-neutralising\/\",\"url\":\"https:\/\/www.emmediciotto.com\/es\/product\/vitaminic-neutralising\/\",\"name\":\"Vitaminic Neutralising - Emmediciotto\",\"isPartOf\":{\"@id\":\"https:\/\/www.emmediciotto.com\/#website\"},\"primaryImageOfPage\":{\"@id\":\"https:\/\/www.emmediciotto.com\/es\/product\/vitaminic-neutralising\/#primaryimage\"},\"image\":{\"@id\":\"https:\/\/www.emmediciotto.com\/es\/product\/vitaminic-neutralising\/#primaryimage\"},\"thumbnailUrl\":\"https:\/\/www.emmediciotto.com\/wp-content\/uploads\/2019\/04\/VITAMINIC-Neutralising-500-ml.png\",\"datePublished\":\"2019-04-08T15:33:17+00:00\",\"dateModified\":\"2022-08-29T09:19:53+00:00\",\"breadcrumb\":{\"@id\":\"https:\/\/www.emmediciotto.com\/es\/product\/vitaminic-neutralising\/#breadcrumb\"},\"inLanguage\":\"es\",\"potentialAction\":[{\"@type\":\"ReadAction\",\"target\":[\"https:\/\/www.emmediciotto.com\/es\/product\/vitaminic-neutralising\/\"]}]},{\"@type\":\"ImageObject\",\"inLanguage\":\"es\",\"@id\":\"https:\/\/www.emmediciotto.com\/es\/product\/vitaminic-neutralising\/#primaryimage\",\"url\":\"https:\/\/www.emmediciotto.com\/wp-content\/uploads\/2019\/04\/VITAMINIC-Neutralising-500-ml.png\",\"contentUrl\":\"https:\/\/www.emmediciotto.com\/wp-content\/uploads\/2019\/04\/VITAMINIC-Neutralising-500-ml.png\",\"width\":500,\"height\":693},{\"@type\":\"BreadcrumbList\",\"@id\":\"https:\/\/www.emmediciotto.com\/es\/product\/vitaminic-neutralising\/#breadcrumb\",\"itemListElement\":[{\"@type\":\"ListItem\",\"position\":1,\"name\":\"Home\",\"item\":\"https:\/\/www.emmediciotto.com\/es\/\"},{\"@type\":\"ListItem\",\"position\":2,\"name\":\"Shop\",\"item\":\"https:\/\/www.emmediciotto.com\/es\/shop\/\"},{\"@type\":\"ListItem\",\"position\":3,\"name\":\"Vitaminic Neutralising\"}]},{\"@type\":\"WebSite\",\"@id\":\"https:\/\/www.emmediciotto.com\/#website\",\"url\":\"https:\/\/www.emmediciotto.com\/\",\"name\":\"Emmediciotto\",\"description\":\"Take care of your hair as you do with your skin\",\"potentialAction\":[{\"@type\":\"SearchAction\",\"target\":{\"@type\":\"EntryPoint\",\"urlTemplate\":\"https:\/\/www.emmediciotto.com\/?s={search_term_string}\"},\"query-input\":{\"@type\":\"PropertyValueSpecification\",\"valueRequired\":true,\"valueName\":\"search_term_string\"}}],\"inLanguage\":\"es\"}]}<\/script>\n<!-- \/ Yoast SEO plugin. -->","yoast_head_json":{"title":"Vitaminic Neutralising - Emmediciotto","robots":{"index":"index","follow":"follow","max-snippet":"max-snippet:-1","max-image-preview":"max-image-preview:large","max-video-preview":"max-video-preview:-1"},"canonical":"https:\/\/www.emmediciotto.com\/es\/product\/vitaminic-neutralising\/","og_locale":"es_ES","og_type":"article","og_title":"Vitaminic Neutralising - Emmediciotto","og_description":"Loci\u00f3n neutralizante a base de vitaminas y pantenolque act\u00faa en el interior del cabello fijando definitivamente el tratamiento\u00a0de ondulaci\u00f3n o alisado.","og_url":"https:\/\/www.emmediciotto.com\/es\/product\/vitaminic-neutralising\/","og_site_name":"Emmediciotto","article_modified_time":"2022-08-29T09:19:53+00:00","og_image":[{"width":500,"height":693,"url":"https:\/\/www.emmediciotto.com\/wp-content\/uploads\/2019\/04\/VITAMINIC-Neutralising-500-ml.png","type":"image\/png"}],"twitter_card":"summary_large_image","schema":{"@context":"https:\/\/schema.org","@graph":[{"@type":"WebPage","@id":"https:\/\/www.emmediciotto.com\/es\/product\/vitaminic-neutralising\/","url":"https:\/\/www.emmediciotto.com\/es\/product\/vitaminic-neutralising\/","name":"Vitaminic Neutralising - Emmediciotto","isPartOf":{"@id":"https:\/\/www.emmediciotto.com\/#website"},"primaryImageOfPage":{"@id":"https:\/\/www.emmediciotto.com\/es\/product\/vitaminic-neutralising\/#primaryimage"},"image":{"@id":"https:\/\/www.emmediciotto.com\/es\/product\/vitaminic-neutralising\/#primaryimage"},"thumbnailUrl":"https:\/\/www.emmediciotto.com\/wp-content\/uploads\/2019\/04\/VITAMINIC-Neutralising-500-ml.png","datePublished":"2019-04-08T15:33:17+00:00","dateModified":"2022-08-29T09:19:53+00:00","breadcrumb":{"@id":"https:\/\/www.emmediciotto.com\/es\/product\/vitaminic-neutralising\/#breadcrumb"},"inLanguage":"es","potentialAction":[{"@type":"ReadAction","target":["https:\/\/www.emmediciotto.com\/es\/product\/vitaminic-neutralising\/"]}]},{"@type":"ImageObject","inLanguage":"es","@id":"https:\/\/www.emmediciotto.com\/es\/product\/vitaminic-neutralising\/#primaryimage","url":"https:\/\/www.emmediciotto.com\/wp-content\/uploads\/2019\/04\/VITAMINIC-Neutralising-500-ml.png","contentUrl":"https:\/\/www.emmediciotto.com\/wp-content\/uploads\/2019\/04\/VITAMINIC-Neutralising-500-ml.png","width":500,"height":693},{"@type":"BreadcrumbList","@id":"https:\/\/www.emmediciotto.com\/es\/product\/vitaminic-neutralising\/#breadcrumb","itemListElement":[{"@type":"ListItem","position":1,"name":"Home","item":"https:\/\/www.emmediciotto.com\/es\/"},{"@type":"ListItem","position":2,"name":"Shop","item":"https:\/\/www.emmediciotto.com\/es\/shop\/"},{"@type":"ListItem","position":3,"name":"Vitaminic Neutralising"}]},{"@type":"WebSite","@id":"https:\/\/www.emmediciotto.com\/#website","url":"https:\/\/www.emmediciotto.com\/","name":"Emmediciotto","description":"Take care of your hair as you do with your skin","potentialAction":[{"@type":"SearchAction","target":{"@type":"EntryPoint","urlTemplate":"https:\/\/www.emmediciotto.com\/?s={search_term_string}"},"query-input":{"@type":"PropertyValueSpecification","valueRequired":true,"valueName":"search_term_string"}}],"inLanguage":"es"}]}},"_links":{"self":[{"href":"https:\/\/www.emmediciotto.com\/es\/wp-json\/wp\/v2\/product\/6669","targetHints":{"allow":["GET"]}}],"collection":[{"href":"https:\/\/www.emmediciotto.com\/es\/wp-json\/wp\/v2\/product"}],"about":[{"href":"https:\/\/www.emmediciotto.com\/es\/wp-json\/wp\/v2\/types\/product"}],"replies":[{"embeddable":true,"href":"https:\/\/www.emmediciotto.com\/es\/wp-json\/wp\/v2\/comments?post=6669"}],"wp:featuredmedia":[{"embeddable":true,"href":"https:\/\/www.emmediciotto.com\/es\/wp-json\/wp\/v2\/media\/6670"}],"wp:attachment":[{"href":"https:\/\/www.emmediciotto.com\/es\/wp-json\/wp\/v2\/media?parent=6669"}],"wp:term":[{"taxonomy":"product_brand","embeddable":true,"href":"https:\/\/www.emmediciotto.com\/es\/wp-json\/wp\/v2\/product_brand?post=6669"},{"taxonomy":"product_cat","embeddable":true,"href":"https:\/\/www.emmediciotto.com\/es\/wp-json\/wp\/v2\/product_cat?post=6669"},{"taxonomy":"product_tag","embeddable":true,"href":"https:\/\/www.emmediciotto.com\/es\/wp-json\/wp\/v2\/product_tag?post=6669"}],"curies":[{"name":"wp","href":"https:\/\/api.w.org\/{rel}","templated":true}]}}