{"id":6637,"date":"2019-04-09T11:29:12","date_gmt":"2019-04-09T09:29:12","guid":{"rendered":"https:\/\/www.emmediciotto.com\/prodotto\/liss-3-final-conditioner\/"},"modified":"2024-05-08T12:37:46","modified_gmt":"2024-05-08T10:37:46","slug":"liss-3-final-conditioner","status":"publish","type":"product","link":"https:\/\/www.emmediciotto.com\/es\/product\/liss-3-final-conditioner\/","title":{"rendered":"LISS 3 velvet seduction"},"content":{"rendered":"<p style=\"text-align: center;\">3 Final Conditioner es la \u00falma fase de alisado.<span class=\"Apple-converted-space\">\u00a0<\/span>Contiene la queratina natural, una prote\u00edna fundamental para el equilibrio del cabello.<span class=\"Apple-converted-space\">\u00a0<\/span>Rico en ingredientes naturales como el Aceite de Argan y Col\u00e1geno.<span class=\"Apple-converted-space\">\u00a0<\/span>Aumenta considerablemente el nivel de hidrataci\u00f3n, nutre y mejora la condici\u00f3n del cabello, reduce el volumen excesivo, prolonga la duraci\u00f3n del efecto liso.Resultado: cabello intensamente nutrido, fuerte, liso y lleno de brillo. 3 Final Conditioner hace la fibra capilar resistente a los factores externos, evitando roturas o puntas abiertas.<span class=\"Apple-converted-space\">\u00a0<\/span>El cabello ser\u00e1 m\u00e1s fuerte y saludable.<span class=\"Apple-converted-space\">\u00a0<\/span>Apropiado para el mantenimiento del tratamiento liso.<\/p>\n","protected":false},"excerpt":{"rendered":"<p>3 Final Conditioner es la \u00falma fase de alisado.<\/p>\n","protected":false},"featured_media":6452,"comment_status":"closed","ping_status":"closed","template":"","meta":{"_acf_changed":false},"product_brand":[],"product_cat":[479,155,481],"product_tag":[],"class_list":{"0":"post-6637","1":"product","2":"type-product","3":"status-publish","4":"has-post-thumbnail","6":"product_cat-area-tecnica-es","7":"product_cat-forma-es","8":"product_cat-liss-es","10":"first","11":"instock","12":"shipping-taxable","13":"product-type-simple"},"acf":[],"yoast_head":"<!-- This site is optimized with the Yoast SEO plugin v24.6 - https:\/\/yoast.com\/wordpress\/plugins\/seo\/ -->\n<title>LISS 3 velvet seduction - Emmediciotto<\/title>\n<meta name=\"robots\" content=\"index, follow, max-snippet:-1, max-image-preview:large, max-video-preview:-1\" \/>\n<link rel=\"canonical\" href=\"https:\/\/www.emmediciotto.com\/es\/product\/liss-3-final-conditioner\/\" \/>\n<meta property=\"og:locale\" content=\"es_ES\" \/>\n<meta property=\"og:type\" content=\"article\" \/>\n<meta property=\"og:title\" content=\"LISS 3 velvet seduction - Emmediciotto\" \/>\n<meta property=\"og:description\" content=\"3 Final Conditioner es la \u00falma fase de alisado.\" \/>\n<meta property=\"og:url\" content=\"https:\/\/www.emmediciotto.com\/es\/product\/liss-3-final-conditioner\/\" \/>\n<meta property=\"og:site_name\" content=\"Emmediciotto\" \/>\n<meta property=\"article:modified_time\" content=\"2024-05-08T10:37:46+00:00\" \/>\n<meta property=\"og:image\" content=\"https:\/\/www.emmediciotto.com\/wp-content\/uploads\/2019\/04\/LISS-3-Final-Conditioner.png\" \/>\n\t<meta property=\"og:image:width\" content=\"500\" \/>\n\t<meta property=\"og:image:height\" content=\"693\" \/>\n\t<meta property=\"og:image:type\" content=\"image\/png\" \/>\n<meta name=\"twitter:card\" content=\"summary_large_image\" \/>\n<meta name=\"twitter:label1\" content=\"Tiempo de lectura\" \/>\n\t<meta name=\"twitter:data1\" content=\"1 minuto\" \/>\n<script type=\"application\/ld+json\" class=\"yoast-schema-graph\">{\"@context\":\"https:\/\/schema.org\",\"@graph\":[{\"@type\":\"WebPage\",\"@id\":\"https:\/\/www.emmediciotto.com\/es\/product\/liss-3-final-conditioner\/\",\"url\":\"https:\/\/www.emmediciotto.com\/es\/product\/liss-3-final-conditioner\/\",\"name\":\"LISS 3 velvet seduction - Emmediciotto\",\"isPartOf\":{\"@id\":\"https:\/\/www.emmediciotto.com\/#website\"},\"primaryImageOfPage\":{\"@id\":\"https:\/\/www.emmediciotto.com\/es\/product\/liss-3-final-conditioner\/#primaryimage\"},\"image\":{\"@id\":\"https:\/\/www.emmediciotto.com\/es\/product\/liss-3-final-conditioner\/#primaryimage\"},\"thumbnailUrl\":\"https:\/\/www.emmediciotto.com\/wp-content\/uploads\/2019\/04\/LISS-3-Final-Conditioner.png\",\"datePublished\":\"2019-04-09T09:29:12+00:00\",\"dateModified\":\"2024-05-08T10:37:46+00:00\",\"breadcrumb\":{\"@id\":\"https:\/\/www.emmediciotto.com\/es\/product\/liss-3-final-conditioner\/#breadcrumb\"},\"inLanguage\":\"es\",\"potentialAction\":[{\"@type\":\"ReadAction\",\"target\":[\"https:\/\/www.emmediciotto.com\/es\/product\/liss-3-final-conditioner\/\"]}]},{\"@type\":\"ImageObject\",\"inLanguage\":\"es\",\"@id\":\"https:\/\/www.emmediciotto.com\/es\/product\/liss-3-final-conditioner\/#primaryimage\",\"url\":\"https:\/\/www.emmediciotto.com\/wp-content\/uploads\/2019\/04\/LISS-3-Final-Conditioner.png\",\"contentUrl\":\"https:\/\/www.emmediciotto.com\/wp-content\/uploads\/2019\/04\/LISS-3-Final-Conditioner.png\",\"width\":500,\"height\":693},{\"@type\":\"BreadcrumbList\",\"@id\":\"https:\/\/www.emmediciotto.com\/es\/product\/liss-3-final-conditioner\/#breadcrumb\",\"itemListElement\":[{\"@type\":\"ListItem\",\"position\":1,\"name\":\"Home\",\"item\":\"https:\/\/www.emmediciotto.com\/es\/\"},{\"@type\":\"ListItem\",\"position\":2,\"name\":\"Shop\",\"item\":\"https:\/\/www.emmediciotto.com\/es\/shop\/\"},{\"@type\":\"ListItem\",\"position\":3,\"name\":\"LISS 3 velvet seduction\"}]},{\"@type\":\"WebSite\",\"@id\":\"https:\/\/www.emmediciotto.com\/#website\",\"url\":\"https:\/\/www.emmediciotto.com\/\",\"name\":\"Emmediciotto\",\"description\":\"Take care of your hair as you do with your skin\",\"potentialAction\":[{\"@type\":\"SearchAction\",\"target\":{\"@type\":\"EntryPoint\",\"urlTemplate\":\"https:\/\/www.emmediciotto.com\/?s={search_term_string}\"},\"query-input\":{\"@type\":\"PropertyValueSpecification\",\"valueRequired\":true,\"valueName\":\"search_term_string\"}}],\"inLanguage\":\"es\"}]}<\/script>\n<!-- \/ Yoast SEO plugin. -->","yoast_head_json":{"title":"LISS 3 velvet seduction - Emmediciotto","robots":{"index":"index","follow":"follow","max-snippet":"max-snippet:-1","max-image-preview":"max-image-preview:large","max-video-preview":"max-video-preview:-1"},"canonical":"https:\/\/www.emmediciotto.com\/es\/product\/liss-3-final-conditioner\/","og_locale":"es_ES","og_type":"article","og_title":"LISS 3 velvet seduction - Emmediciotto","og_description":"3 Final Conditioner es la \u00falma fase de alisado.","og_url":"https:\/\/www.emmediciotto.com\/es\/product\/liss-3-final-conditioner\/","og_site_name":"Emmediciotto","article_modified_time":"2024-05-08T10:37:46+00:00","og_image":[{"width":500,"height":693,"url":"https:\/\/www.emmediciotto.com\/wp-content\/uploads\/2019\/04\/LISS-3-Final-Conditioner.png","type":"image\/png"}],"twitter_card":"summary_large_image","twitter_misc":{"Tiempo de lectura":"1 minuto"},"schema":{"@context":"https:\/\/schema.org","@graph":[{"@type":"WebPage","@id":"https:\/\/www.emmediciotto.com\/es\/product\/liss-3-final-conditioner\/","url":"https:\/\/www.emmediciotto.com\/es\/product\/liss-3-final-conditioner\/","name":"LISS 3 velvet seduction - Emmediciotto","isPartOf":{"@id":"https:\/\/www.emmediciotto.com\/#website"},"primaryImageOfPage":{"@id":"https:\/\/www.emmediciotto.com\/es\/product\/liss-3-final-conditioner\/#primaryimage"},"image":{"@id":"https:\/\/www.emmediciotto.com\/es\/product\/liss-3-final-conditioner\/#primaryimage"},"thumbnailUrl":"https:\/\/www.emmediciotto.com\/wp-content\/uploads\/2019\/04\/LISS-3-Final-Conditioner.png","datePublished":"2019-04-09T09:29:12+00:00","dateModified":"2024-05-08T10:37:46+00:00","breadcrumb":{"@id":"https:\/\/www.emmediciotto.com\/es\/product\/liss-3-final-conditioner\/#breadcrumb"},"inLanguage":"es","potentialAction":[{"@type":"ReadAction","target":["https:\/\/www.emmediciotto.com\/es\/product\/liss-3-final-conditioner\/"]}]},{"@type":"ImageObject","inLanguage":"es","@id":"https:\/\/www.emmediciotto.com\/es\/product\/liss-3-final-conditioner\/#primaryimage","url":"https:\/\/www.emmediciotto.com\/wp-content\/uploads\/2019\/04\/LISS-3-Final-Conditioner.png","contentUrl":"https:\/\/www.emmediciotto.com\/wp-content\/uploads\/2019\/04\/LISS-3-Final-Conditioner.png","width":500,"height":693},{"@type":"BreadcrumbList","@id":"https:\/\/www.emmediciotto.com\/es\/product\/liss-3-final-conditioner\/#breadcrumb","itemListElement":[{"@type":"ListItem","position":1,"name":"Home","item":"https:\/\/www.emmediciotto.com\/es\/"},{"@type":"ListItem","position":2,"name":"Shop","item":"https:\/\/www.emmediciotto.com\/es\/shop\/"},{"@type":"ListItem","position":3,"name":"LISS 3 velvet seduction"}]},{"@type":"WebSite","@id":"https:\/\/www.emmediciotto.com\/#website","url":"https:\/\/www.emmediciotto.com\/","name":"Emmediciotto","description":"Take care of your hair as you do with your skin","potentialAction":[{"@type":"SearchAction","target":{"@type":"EntryPoint","urlTemplate":"https:\/\/www.emmediciotto.com\/?s={search_term_string}"},"query-input":{"@type":"PropertyValueSpecification","valueRequired":true,"valueName":"search_term_string"}}],"inLanguage":"es"}]}},"_links":{"self":[{"href":"https:\/\/www.emmediciotto.com\/es\/wp-json\/wp\/v2\/product\/6637","targetHints":{"allow":["GET"]}}],"collection":[{"href":"https:\/\/www.emmediciotto.com\/es\/wp-json\/wp\/v2\/product"}],"about":[{"href":"https:\/\/www.emmediciotto.com\/es\/wp-json\/wp\/v2\/types\/product"}],"replies":[{"embeddable":true,"href":"https:\/\/www.emmediciotto.com\/es\/wp-json\/wp\/v2\/comments?post=6637"}],"wp:featuredmedia":[{"embeddable":true,"href":"https:\/\/www.emmediciotto.com\/es\/wp-json\/wp\/v2\/media\/6452"}],"wp:attachment":[{"href":"https:\/\/www.emmediciotto.com\/es\/wp-json\/wp\/v2\/media?parent=6637"}],"wp:term":[{"taxonomy":"product_brand","embeddable":true,"href":"https:\/\/www.emmediciotto.com\/es\/wp-json\/wp\/v2\/product_brand?post=6637"},{"taxonomy":"product_cat","embeddable":true,"href":"https:\/\/www.emmediciotto.com\/es\/wp-json\/wp\/v2\/product_cat?post=6637"},{"taxonomy":"product_tag","embeddable":true,"href":"https:\/\/www.emmediciotto.com\/es\/wp-json\/wp\/v2\/product_tag?post=6637"}],"curies":[{"name":"wp","href":"https:\/\/api.w.org\/{rel}","templated":true}]}}