{"id":6594,"date":"2019-04-09T16:16:28","date_gmt":"2019-04-09T14:16:28","guid":{"rendered":"https:\/\/www.emmediciotto.com\/prodotto\/nourishing-calendula-body-cream\/"},"modified":"2022-08-10T18:21:09","modified_gmt":"2022-08-10T16:21:09","slug":"nourishing-calendula-body-cream","status":"publish","type":"product","link":"https:\/\/www.emmediciotto.com\/es\/product\/nourishing-calendula-body-cream\/","title":{"rendered":"Nourishing-Calendula-Body-Cream"},"content":{"rendered":"<div class=\"testo\">\n<p style=\"text-align: center;\">La crema para el cuerpo Nourishing calendula, gracias a los Aceites Vegetales (cal\u00e9ndula, almendra, germen de trigo) ricos en sustancias naturales, nutre, hidrata y regenera la piel del cuerpo haci\u00e9ndola suave y el\u00e1stica.<\/p>\n<\/div>\n","protected":false},"excerpt":{"rendered":"<p>La crema para el cuerpo Nourishing calendula, gracias a los Aceites Vegetales ricos en sustancias naturales, nutre, hidrata y regenera la piel del cuerpo haci\u00e9ndola suave y el\u00e1stica.<\/p>\n","protected":false},"featured_media":6481,"comment_status":"closed","ping_status":"closed","template":"","meta":{"_acf_changed":false},"product_brand":[],"product_cat":[144],"product_tag":[],"class_list":{"0":"post-6594","1":"product","2":"type-product","3":"status-publish","4":"has-post-thumbnail","6":"product_cat-body-care-es","8":"first","9":"instock","10":"shipping-taxable","11":"purchasable","12":"product-type-simple"},"acf":[],"yoast_head":"<!-- This site is optimized with the Yoast SEO plugin v24.6 - https:\/\/yoast.com\/wordpress\/plugins\/seo\/ -->\n<title>Nourishing-Calendula-Body-Cream - Emmediciotto<\/title>\n<meta name=\"robots\" content=\"index, follow, max-snippet:-1, max-image-preview:large, max-video-preview:-1\" \/>\n<link rel=\"canonical\" href=\"https:\/\/www.emmediciotto.com\/es\/product\/nourishing-calendula-body-cream\/\" \/>\n<meta property=\"og:locale\" content=\"es_ES\" \/>\n<meta property=\"og:type\" content=\"article\" \/>\n<meta property=\"og:title\" content=\"Nourishing-Calendula-Body-Cream - Emmediciotto\" \/>\n<meta property=\"og:description\" content=\"La crema para el cuerpo Nourishing calendula, gracias a los Aceites Vegetales ricos en sustancias naturales, nutre, hidrata y regenera la piel del cuerpo haci\u00e9ndola suave y el\u00e1stica.\" \/>\n<meta property=\"og:url\" content=\"https:\/\/www.emmediciotto.com\/es\/product\/nourishing-calendula-body-cream\/\" \/>\n<meta property=\"og:site_name\" content=\"Emmediciotto\" \/>\n<meta property=\"article:modified_time\" content=\"2022-08-10T16:21:09+00:00\" \/>\n<meta property=\"og:image\" content=\"https:\/\/www.emmediciotto.com\/wp-content\/uploads\/2019\/04\/Nourishing-Calendula-Body-Cream-250-ml.png\" \/>\n\t<meta property=\"og:image:width\" content=\"500\" \/>\n\t<meta property=\"og:image:height\" content=\"693\" \/>\n\t<meta property=\"og:image:type\" content=\"image\/png\" \/>\n<meta name=\"twitter:card\" content=\"summary_large_image\" \/>\n<script type=\"application\/ld+json\" class=\"yoast-schema-graph\">{\"@context\":\"https:\/\/schema.org\",\"@graph\":[{\"@type\":\"WebPage\",\"@id\":\"https:\/\/www.emmediciotto.com\/es\/product\/nourishing-calendula-body-cream\/\",\"url\":\"https:\/\/www.emmediciotto.com\/es\/product\/nourishing-calendula-body-cream\/\",\"name\":\"Nourishing-Calendula-Body-Cream - Emmediciotto\",\"isPartOf\":{\"@id\":\"https:\/\/www.emmediciotto.com\/#website\"},\"primaryImageOfPage\":{\"@id\":\"https:\/\/www.emmediciotto.com\/es\/product\/nourishing-calendula-body-cream\/#primaryimage\"},\"image\":{\"@id\":\"https:\/\/www.emmediciotto.com\/es\/product\/nourishing-calendula-body-cream\/#primaryimage\"},\"thumbnailUrl\":\"https:\/\/www.emmediciotto.com\/wp-content\/uploads\/2019\/04\/Nourishing-Calendula-Body-Cream-250-ml.png\",\"datePublished\":\"2019-04-09T14:16:28+00:00\",\"dateModified\":\"2022-08-10T16:21:09+00:00\",\"breadcrumb\":{\"@id\":\"https:\/\/www.emmediciotto.com\/es\/product\/nourishing-calendula-body-cream\/#breadcrumb\"},\"inLanguage\":\"es\",\"potentialAction\":[{\"@type\":\"ReadAction\",\"target\":[\"https:\/\/www.emmediciotto.com\/es\/product\/nourishing-calendula-body-cream\/\"]}]},{\"@type\":\"ImageObject\",\"inLanguage\":\"es\",\"@id\":\"https:\/\/www.emmediciotto.com\/es\/product\/nourishing-calendula-body-cream\/#primaryimage\",\"url\":\"https:\/\/www.emmediciotto.com\/wp-content\/uploads\/2019\/04\/Nourishing-Calendula-Body-Cream-250-ml.png\",\"contentUrl\":\"https:\/\/www.emmediciotto.com\/wp-content\/uploads\/2019\/04\/Nourishing-Calendula-Body-Cream-250-ml.png\",\"width\":500,\"height\":693},{\"@type\":\"BreadcrumbList\",\"@id\":\"https:\/\/www.emmediciotto.com\/es\/product\/nourishing-calendula-body-cream\/#breadcrumb\",\"itemListElement\":[{\"@type\":\"ListItem\",\"position\":1,\"name\":\"Home\",\"item\":\"https:\/\/www.emmediciotto.com\/es\/\"},{\"@type\":\"ListItem\",\"position\":2,\"name\":\"Shop\",\"item\":\"https:\/\/www.emmediciotto.com\/es\/shop\/\"},{\"@type\":\"ListItem\",\"position\":3,\"name\":\"Nourishing-Calendula-Body-Cream\"}]},{\"@type\":\"WebSite\",\"@id\":\"https:\/\/www.emmediciotto.com\/#website\",\"url\":\"https:\/\/www.emmediciotto.com\/\",\"name\":\"Emmediciotto\",\"description\":\"Take care of your hair as you do with your skin\",\"potentialAction\":[{\"@type\":\"SearchAction\",\"target\":{\"@type\":\"EntryPoint\",\"urlTemplate\":\"https:\/\/www.emmediciotto.com\/?s={search_term_string}\"},\"query-input\":{\"@type\":\"PropertyValueSpecification\",\"valueRequired\":true,\"valueName\":\"search_term_string\"}}],\"inLanguage\":\"es\"}]}<\/script>\n<!-- \/ Yoast SEO plugin. -->","yoast_head_json":{"title":"Nourishing-Calendula-Body-Cream - Emmediciotto","robots":{"index":"index","follow":"follow","max-snippet":"max-snippet:-1","max-image-preview":"max-image-preview:large","max-video-preview":"max-video-preview:-1"},"canonical":"https:\/\/www.emmediciotto.com\/es\/product\/nourishing-calendula-body-cream\/","og_locale":"es_ES","og_type":"article","og_title":"Nourishing-Calendula-Body-Cream - Emmediciotto","og_description":"La crema para el cuerpo Nourishing calendula, gracias a los Aceites Vegetales ricos en sustancias naturales, nutre, hidrata y regenera la piel del cuerpo haci\u00e9ndola suave y el\u00e1stica.","og_url":"https:\/\/www.emmediciotto.com\/es\/product\/nourishing-calendula-body-cream\/","og_site_name":"Emmediciotto","article_modified_time":"2022-08-10T16:21:09+00:00","og_image":[{"width":500,"height":693,"url":"https:\/\/www.emmediciotto.com\/wp-content\/uploads\/2019\/04\/Nourishing-Calendula-Body-Cream-250-ml.png","type":"image\/png"}],"twitter_card":"summary_large_image","schema":{"@context":"https:\/\/schema.org","@graph":[{"@type":"WebPage","@id":"https:\/\/www.emmediciotto.com\/es\/product\/nourishing-calendula-body-cream\/","url":"https:\/\/www.emmediciotto.com\/es\/product\/nourishing-calendula-body-cream\/","name":"Nourishing-Calendula-Body-Cream - Emmediciotto","isPartOf":{"@id":"https:\/\/www.emmediciotto.com\/#website"},"primaryImageOfPage":{"@id":"https:\/\/www.emmediciotto.com\/es\/product\/nourishing-calendula-body-cream\/#primaryimage"},"image":{"@id":"https:\/\/www.emmediciotto.com\/es\/product\/nourishing-calendula-body-cream\/#primaryimage"},"thumbnailUrl":"https:\/\/www.emmediciotto.com\/wp-content\/uploads\/2019\/04\/Nourishing-Calendula-Body-Cream-250-ml.png","datePublished":"2019-04-09T14:16:28+00:00","dateModified":"2022-08-10T16:21:09+00:00","breadcrumb":{"@id":"https:\/\/www.emmediciotto.com\/es\/product\/nourishing-calendula-body-cream\/#breadcrumb"},"inLanguage":"es","potentialAction":[{"@type":"ReadAction","target":["https:\/\/www.emmediciotto.com\/es\/product\/nourishing-calendula-body-cream\/"]}]},{"@type":"ImageObject","inLanguage":"es","@id":"https:\/\/www.emmediciotto.com\/es\/product\/nourishing-calendula-body-cream\/#primaryimage","url":"https:\/\/www.emmediciotto.com\/wp-content\/uploads\/2019\/04\/Nourishing-Calendula-Body-Cream-250-ml.png","contentUrl":"https:\/\/www.emmediciotto.com\/wp-content\/uploads\/2019\/04\/Nourishing-Calendula-Body-Cream-250-ml.png","width":500,"height":693},{"@type":"BreadcrumbList","@id":"https:\/\/www.emmediciotto.com\/es\/product\/nourishing-calendula-body-cream\/#breadcrumb","itemListElement":[{"@type":"ListItem","position":1,"name":"Home","item":"https:\/\/www.emmediciotto.com\/es\/"},{"@type":"ListItem","position":2,"name":"Shop","item":"https:\/\/www.emmediciotto.com\/es\/shop\/"},{"@type":"ListItem","position":3,"name":"Nourishing-Calendula-Body-Cream"}]},{"@type":"WebSite","@id":"https:\/\/www.emmediciotto.com\/#website","url":"https:\/\/www.emmediciotto.com\/","name":"Emmediciotto","description":"Take care of your hair as you do with your skin","potentialAction":[{"@type":"SearchAction","target":{"@type":"EntryPoint","urlTemplate":"https:\/\/www.emmediciotto.com\/?s={search_term_string}"},"query-input":{"@type":"PropertyValueSpecification","valueRequired":true,"valueName":"search_term_string"}}],"inLanguage":"es"}]}},"_links":{"self":[{"href":"https:\/\/www.emmediciotto.com\/es\/wp-json\/wp\/v2\/product\/6594","targetHints":{"allow":["GET"]}}],"collection":[{"href":"https:\/\/www.emmediciotto.com\/es\/wp-json\/wp\/v2\/product"}],"about":[{"href":"https:\/\/www.emmediciotto.com\/es\/wp-json\/wp\/v2\/types\/product"}],"replies":[{"embeddable":true,"href":"https:\/\/www.emmediciotto.com\/es\/wp-json\/wp\/v2\/comments?post=6594"}],"wp:featuredmedia":[{"embeddable":true,"href":"https:\/\/www.emmediciotto.com\/es\/wp-json\/wp\/v2\/media\/6481"}],"wp:attachment":[{"href":"https:\/\/www.emmediciotto.com\/es\/wp-json\/wp\/v2\/media?parent=6594"}],"wp:term":[{"taxonomy":"product_brand","embeddable":true,"href":"https:\/\/www.emmediciotto.com\/es\/wp-json\/wp\/v2\/product_brand?post=6594"},{"taxonomy":"product_cat","embeddable":true,"href":"https:\/\/www.emmediciotto.com\/es\/wp-json\/wp\/v2\/product_cat?post=6594"},{"taxonomy":"product_tag","embeddable":true,"href":"https:\/\/www.emmediciotto.com\/es\/wp-json\/wp\/v2\/product_tag?post=6594"}],"curies":[{"name":"wp","href":"https:\/\/api.w.org\/{rel}","templated":true}]}}