{"id":17500,"date":"2025-08-01T09:17:57","date_gmt":"2025-08-01T07:17:57","guid":{"rendered":"https:\/\/www.emmediciotto.com\/product\/box-stem-c-anti-hair-loss-fortify\/"},"modified":"2025-08-28T11:21:59","modified_gmt":"2025-08-28T09:21:59","slug":"stem-c-dermaroller-kit","status":"publish","type":"product","link":"https:\/\/www.emmediciotto.com\/es\/product\/stem-c-dermaroller-kit\/","title":{"rendered":"Stem-C Dermaroller Kit"},"content":{"rendered":"<p><strong>Tratamiento antica\u00edda con f\u00f3rmula potenciada que combate la ca\u00edda progresiva y persistente del cabello.<\/strong><\/p>\n<ol>\n<li class=\"cvGsUA direction-ltr align-start para-style-body\"><span class=\"OYPEnA font-feature-liga-off font-feature-clig-off font-feature-calt-off text-decoration-none text-strikethrough-none\"><span class=\"OYPEnA font-feature-liga-off font-feature-clig-off font-feature-calt-off text-decoration-none text-strikethrough-none\"><strong>STEM-C Fortify HAIR LOSS PREVENTIVE SHAMPOO <\/strong><\/span><\/span>Champ\u00fa dermocosm\u00e9tico preventivo coadyuvante antica\u00edda: fortalece el cuero cabelludo y el cabello gracias a la acci\u00f3n de las c\u00e9lulas madre vegetales activas de la uva y el Follicusan. Se recomienda siempre el uso de Fortify Hair Loss Preventive Shampoo durante el tratamiento antica\u00edda.<\/li>\n<li>El <strong>DERMA ROLLER<\/strong>, equipado con microagujas de 0,5 mm, crea microcanales temporales en la epidermis. Esta acci\u00f3n:\n<ul data-start=\"628\" data-end=\"809\">\n<li data-start=\"628\" data-end=\"686\">\n<p data-start=\"630\" data-end=\"686\">Estimula la microcirculaci\u00f3n y el aporte de nutrientes<\/p>\n<\/li>\n<li data-start=\"687\" data-end=\"732\">\n<p data-start=\"689\" data-end=\"732\">Activa los procesos de reparaci\u00f3n cut\u00e1nea<\/p>\n<\/li>\n<li data-start=\"733\" data-end=\"809\">\n<p data-start=\"735\" data-end=\"809\">Aumenta la permeabilidad cut\u00e1nea y la absorci\u00f3n de los principios activos.<\/p>\n<\/li>\n<\/ul>\n<\/li>\n<li><span class=\"OYPEnA font-feature-liga-off font-feature-clig-off font-feature-calt-off text-decoration-none text-strikethrough-none\"><strong>STEM-C Fortify HAIR LOSS PREVENTIVE VIALS<\/strong>Tratamiento antica\u00edda con f\u00f3rmula potenciada que combate la ca\u00edda progresiva y persistente del cabello.<br data-start=\"962\" data-end=\"965\" \/>La eficacia del resultado antica\u00edda STEM-C se debe a la tecnolog\u00eda basada en c\u00e9lulas madre vegetales activas de la uva y al Follicusan.<\/span><\/li>\n<\/ol>\n","protected":false},"excerpt":{"rendered":"<p data-start=\"97\" data-end=\"123\"><strong data-start=\"97\" data-end=\"121\">El estuche contiene:<\/strong><\/p>\n<p data-start=\"126\" data-end=\"180\"><strong>1 STEM-C Fortify Hair Loss Preventive Shampoo<\/strong> 250 ml<br \/>\n<strong>1 STEM-C Fortify Hair Loss Preventive Viales<\/strong>: 8 viales de 10 ml<br \/>\n<strong>1 DERMA ROLLER<\/strong><\/p>\n","protected":false},"featured_media":17507,"comment_status":"closed","ping_status":"closed","template":"","meta":{"_acf_changed":false},"product_brand":[],"product_cat":[172,464],"product_tag":[],"class_list":{"0":"post-17500","1":"product","2":"type-product","3":"status-publish","4":"has-post-thumbnail","6":"product_cat-preventive-en-es","7":"product_cat-stem-c-es","9":"first","10":"instock","11":"shipping-taxable","12":"purchasable","13":"product-type-simple"},"acf":[],"yoast_head":"<!-- This site is optimized with the Yoast SEO plugin v24.6 - https:\/\/yoast.com\/wordpress\/plugins\/seo\/ -->\n<title>Stem-C Dermaroller Kit - Emmediciotto<\/title>\n<meta name=\"robots\" content=\"index, follow, max-snippet:-1, max-image-preview:large, max-video-preview:-1\" \/>\n<link rel=\"canonical\" href=\"https:\/\/www.emmediciotto.com\/es\/product\/stem-c-dermaroller-kit\/\" \/>\n<meta property=\"og:locale\" content=\"es_ES\" \/>\n<meta property=\"og:type\" content=\"article\" \/>\n<meta property=\"og:title\" content=\"Stem-C Dermaroller Kit - Emmediciotto\" \/>\n<meta property=\"og:description\" content=\"El estuche contiene: 1 STEM-C Fortify Hair Loss Preventive Shampoo 250 ml 1 STEM-C Fortify Hair Loss Preventive Viales: 8 viales de 10 ml 1 DERMA ROLLER\" \/>\n<meta property=\"og:url\" content=\"https:\/\/www.emmediciotto.com\/es\/product\/stem-c-dermaroller-kit\/\" \/>\n<meta property=\"og:site_name\" content=\"Emmediciotto\" \/>\n<meta property=\"article:modified_time\" content=\"2025-08-28T09:21:59+00:00\" \/>\n<meta property=\"og:image\" content=\"https:\/\/www.emmediciotto.com\/wp-content\/uploads\/2025\/08\/stemc-fortify.png\" \/>\n\t<meta property=\"og:image:width\" content=\"500\" \/>\n\t<meta property=\"og:image:height\" content=\"693\" \/>\n\t<meta property=\"og:image:type\" content=\"image\/png\" \/>\n<meta name=\"twitter:card\" content=\"summary_large_image\" \/>\n<meta name=\"twitter:label1\" content=\"Tiempo de lectura\" \/>\n\t<meta name=\"twitter:data1\" content=\"1 minuto\" \/>\n<script type=\"application\/ld+json\" class=\"yoast-schema-graph\">{\"@context\":\"https:\/\/schema.org\",\"@graph\":[{\"@type\":\"WebPage\",\"@id\":\"https:\/\/www.emmediciotto.com\/es\/product\/stem-c-dermaroller-kit\/\",\"url\":\"https:\/\/www.emmediciotto.com\/es\/product\/stem-c-dermaroller-kit\/\",\"name\":\"Stem-C Dermaroller Kit - Emmediciotto\",\"isPartOf\":{\"@id\":\"https:\/\/www.emmediciotto.com\/#website\"},\"primaryImageOfPage\":{\"@id\":\"https:\/\/www.emmediciotto.com\/es\/product\/stem-c-dermaroller-kit\/#primaryimage\"},\"image\":{\"@id\":\"https:\/\/www.emmediciotto.com\/es\/product\/stem-c-dermaroller-kit\/#primaryimage\"},\"thumbnailUrl\":\"https:\/\/www.emmediciotto.com\/wp-content\/uploads\/2025\/08\/stemc-fortify.png\",\"datePublished\":\"2025-08-01T07:17:57+00:00\",\"dateModified\":\"2025-08-28T09:21:59+00:00\",\"breadcrumb\":{\"@id\":\"https:\/\/www.emmediciotto.com\/es\/product\/stem-c-dermaroller-kit\/#breadcrumb\"},\"inLanguage\":\"es\",\"potentialAction\":[{\"@type\":\"ReadAction\",\"target\":[\"https:\/\/www.emmediciotto.com\/es\/product\/stem-c-dermaroller-kit\/\"]}]},{\"@type\":\"ImageObject\",\"inLanguage\":\"es\",\"@id\":\"https:\/\/www.emmediciotto.com\/es\/product\/stem-c-dermaroller-kit\/#primaryimage\",\"url\":\"https:\/\/www.emmediciotto.com\/wp-content\/uploads\/2025\/08\/stemc-fortify.png\",\"contentUrl\":\"https:\/\/www.emmediciotto.com\/wp-content\/uploads\/2025\/08\/stemc-fortify.png\",\"width\":500,\"height\":693},{\"@type\":\"BreadcrumbList\",\"@id\":\"https:\/\/www.emmediciotto.com\/es\/product\/stem-c-dermaroller-kit\/#breadcrumb\",\"itemListElement\":[{\"@type\":\"ListItem\",\"position\":1,\"name\":\"Home\",\"item\":\"https:\/\/www.emmediciotto.com\/es\/\"},{\"@type\":\"ListItem\",\"position\":2,\"name\":\"Shop\",\"item\":\"https:\/\/www.emmediciotto.com\/es\/shop\/\"},{\"@type\":\"ListItem\",\"position\":3,\"name\":\"Stem-C Dermaroller Kit\"}]},{\"@type\":\"WebSite\",\"@id\":\"https:\/\/www.emmediciotto.com\/#website\",\"url\":\"https:\/\/www.emmediciotto.com\/\",\"name\":\"Emmediciotto\",\"description\":\"Take care of your hair as you do with your skin\",\"potentialAction\":[{\"@type\":\"SearchAction\",\"target\":{\"@type\":\"EntryPoint\",\"urlTemplate\":\"https:\/\/www.emmediciotto.com\/?s={search_term_string}\"},\"query-input\":{\"@type\":\"PropertyValueSpecification\",\"valueRequired\":true,\"valueName\":\"search_term_string\"}}],\"inLanguage\":\"es\"}]}<\/script>\n<!-- \/ Yoast SEO plugin. -->","yoast_head_json":{"title":"Stem-C Dermaroller Kit - Emmediciotto","robots":{"index":"index","follow":"follow","max-snippet":"max-snippet:-1","max-image-preview":"max-image-preview:large","max-video-preview":"max-video-preview:-1"},"canonical":"https:\/\/www.emmediciotto.com\/es\/product\/stem-c-dermaroller-kit\/","og_locale":"es_ES","og_type":"article","og_title":"Stem-C Dermaroller Kit - Emmediciotto","og_description":"El estuche contiene: 1 STEM-C Fortify Hair Loss Preventive Shampoo 250 ml 1 STEM-C Fortify Hair Loss Preventive Viales: 8 viales de 10 ml 1 DERMA ROLLER","og_url":"https:\/\/www.emmediciotto.com\/es\/product\/stem-c-dermaroller-kit\/","og_site_name":"Emmediciotto","article_modified_time":"2025-08-28T09:21:59+00:00","og_image":[{"width":500,"height":693,"url":"https:\/\/www.emmediciotto.com\/wp-content\/uploads\/2025\/08\/stemc-fortify.png","type":"image\/png"}],"twitter_card":"summary_large_image","twitter_misc":{"Tiempo de lectura":"1 minuto"},"schema":{"@context":"https:\/\/schema.org","@graph":[{"@type":"WebPage","@id":"https:\/\/www.emmediciotto.com\/es\/product\/stem-c-dermaroller-kit\/","url":"https:\/\/www.emmediciotto.com\/es\/product\/stem-c-dermaroller-kit\/","name":"Stem-C Dermaroller Kit - Emmediciotto","isPartOf":{"@id":"https:\/\/www.emmediciotto.com\/#website"},"primaryImageOfPage":{"@id":"https:\/\/www.emmediciotto.com\/es\/product\/stem-c-dermaroller-kit\/#primaryimage"},"image":{"@id":"https:\/\/www.emmediciotto.com\/es\/product\/stem-c-dermaroller-kit\/#primaryimage"},"thumbnailUrl":"https:\/\/www.emmediciotto.com\/wp-content\/uploads\/2025\/08\/stemc-fortify.png","datePublished":"2025-08-01T07:17:57+00:00","dateModified":"2025-08-28T09:21:59+00:00","breadcrumb":{"@id":"https:\/\/www.emmediciotto.com\/es\/product\/stem-c-dermaroller-kit\/#breadcrumb"},"inLanguage":"es","potentialAction":[{"@type":"ReadAction","target":["https:\/\/www.emmediciotto.com\/es\/product\/stem-c-dermaroller-kit\/"]}]},{"@type":"ImageObject","inLanguage":"es","@id":"https:\/\/www.emmediciotto.com\/es\/product\/stem-c-dermaroller-kit\/#primaryimage","url":"https:\/\/www.emmediciotto.com\/wp-content\/uploads\/2025\/08\/stemc-fortify.png","contentUrl":"https:\/\/www.emmediciotto.com\/wp-content\/uploads\/2025\/08\/stemc-fortify.png","width":500,"height":693},{"@type":"BreadcrumbList","@id":"https:\/\/www.emmediciotto.com\/es\/product\/stem-c-dermaroller-kit\/#breadcrumb","itemListElement":[{"@type":"ListItem","position":1,"name":"Home","item":"https:\/\/www.emmediciotto.com\/es\/"},{"@type":"ListItem","position":2,"name":"Shop","item":"https:\/\/www.emmediciotto.com\/es\/shop\/"},{"@type":"ListItem","position":3,"name":"Stem-C Dermaroller Kit"}]},{"@type":"WebSite","@id":"https:\/\/www.emmediciotto.com\/#website","url":"https:\/\/www.emmediciotto.com\/","name":"Emmediciotto","description":"Take care of your hair as you do with your skin","potentialAction":[{"@type":"SearchAction","target":{"@type":"EntryPoint","urlTemplate":"https:\/\/www.emmediciotto.com\/?s={search_term_string}"},"query-input":{"@type":"PropertyValueSpecification","valueRequired":true,"valueName":"search_term_string"}}],"inLanguage":"es"}]}},"_links":{"self":[{"href":"https:\/\/www.emmediciotto.com\/es\/wp-json\/wp\/v2\/product\/17500","targetHints":{"allow":["GET"]}}],"collection":[{"href":"https:\/\/www.emmediciotto.com\/es\/wp-json\/wp\/v2\/product"}],"about":[{"href":"https:\/\/www.emmediciotto.com\/es\/wp-json\/wp\/v2\/types\/product"}],"replies":[{"embeddable":true,"href":"https:\/\/www.emmediciotto.com\/es\/wp-json\/wp\/v2\/comments?post=17500"}],"wp:featuredmedia":[{"embeddable":true,"href":"https:\/\/www.emmediciotto.com\/es\/wp-json\/wp\/v2\/media\/17507"}],"wp:attachment":[{"href":"https:\/\/www.emmediciotto.com\/es\/wp-json\/wp\/v2\/media?parent=17500"}],"wp:term":[{"taxonomy":"product_brand","embeddable":true,"href":"https:\/\/www.emmediciotto.com\/es\/wp-json\/wp\/v2\/product_brand?post=17500"},{"taxonomy":"product_cat","embeddable":true,"href":"https:\/\/www.emmediciotto.com\/es\/wp-json\/wp\/v2\/product_cat?post=17500"},{"taxonomy":"product_tag","embeddable":true,"href":"https:\/\/www.emmediciotto.com\/es\/wp-json\/wp\/v2\/product_tag?post=17500"}],"curies":[{"name":"wp","href":"https:\/\/api.w.org\/{rel}","templated":true}]}}