{"id":14244,"date":"2022-12-15T14:26:08","date_gmt":"2022-12-15T13:26:08","guid":{"rendered":"https:\/\/www.emmediciotto.com\/?post_type=product&#038;p=14244"},"modified":"2024-05-06T15:47:42","modified_gmt":"2024-05-06T13:47:42","slug":"i-potion-3-ozone-treatment-2-ampollas-copia","status":"publish","type":"product","link":"https:\/\/www.emmediciotto.com\/es\/product\/i-potion-3-ozone-treatment-2-ampollas-copia\/","title":{"rendered":"22 Luxury Argan Hand cream"},"content":{"rendered":"<p style=\"text-align: center;\">Crema de manos con aceite de arg\u00e1n ideal para pieles secas y agrietadas.Su delicado aroma y su deliciosa textura cremosa hacen que la piel sea aterciopelada e irresistiblemente suave. Gracias al aceite de arg\u00e1n, rico nutriente para la piel y un aliado insustituible para tonificar. Nutre intensamente las manos dej\u00e1ndolas tersas, devolvi\u00e9ndoles su suavidad natural. Incluso en las condiciones m\u00e1s extremas, deja las manos notablemente m\u00e1s suaves y tersas.<\/p>\n","protected":false},"excerpt":{"rendered":"<p>Crema de manos con aceite de arg\u00e1n ideal para pieles secas y agrietadas.Su delicado aroma y su deliciosa textura cremosa hacen que la piel sea aterciopelada e irresistiblemente suave. Gracias al aceite de arg\u00e1n, rico nutriente para la piel y un aliado insustituible para tonificar. Nutre intensamente las manos dej\u00e1ndolas tersas, devolvi\u00e9ndoles su suavidad natural. Incluso en las condiciones m\u00e1s extremas, deja las manos notablemente m\u00e1s suaves y tersas.<\/p>\n","protected":false},"featured_media":14247,"comment_status":"closed","ping_status":"closed","template":"","meta":{"_acf_changed":false},"product_brand":[],"product_cat":[460,144,169],"product_tag":[],"class_list":{"0":"post-14244","1":"product","2":"type-product","3":"status-publish","4":"has-post-thumbnail","6":"product_cat-22-luxury-argan-es","7":"product_cat-body-care-es","8":"product_cat-treatment-es","10":"first","11":"instock","12":"shipping-taxable","13":"purchasable","14":"product-type-simple"},"acf":[],"yoast_head":"<!-- This site is optimized with the Yoast SEO plugin v24.6 - https:\/\/yoast.com\/wordpress\/plugins\/seo\/ -->\n<title>22 Luxury Argan Hand cream - Emmediciotto<\/title>\n<meta name=\"robots\" content=\"index, follow, max-snippet:-1, max-image-preview:large, max-video-preview:-1\" \/>\n<link rel=\"canonical\" href=\"https:\/\/www.emmediciotto.com\/es\/product\/i-potion-3-ozone-treatment-2-ampollas-copia\/\" \/>\n<meta property=\"og:locale\" content=\"es_ES\" \/>\n<meta property=\"og:type\" content=\"article\" \/>\n<meta property=\"og:title\" content=\"22 Luxury Argan Hand cream - Emmediciotto\" \/>\n<meta property=\"og:description\" content=\"Crema de manos con aceite de arg\u00e1n ideal para pieles secas y agrietadas.Su delicado aroma y su deliciosa textura cremosa hacen que la piel sea aterciopelada e irresistiblemente suave. Gracias al aceite de arg\u00e1n, rico nutriente para la piel y un aliado insustituible para tonificar. Nutre intensamente las manos dej\u00e1ndolas tersas, devolvi\u00e9ndoles su suavidad natural. Incluso en las condiciones m\u00e1s extremas, deja las manos notablemente m\u00e1s suaves y tersas.\" \/>\n<meta property=\"og:url\" content=\"https:\/\/www.emmediciotto.com\/es\/product\/i-potion-3-ozone-treatment-2-ampollas-copia\/\" \/>\n<meta property=\"og:site_name\" content=\"Emmediciotto\" \/>\n<meta property=\"article:modified_time\" content=\"2024-05-06T13:47:42+00:00\" \/>\n<meta property=\"og:image\" content=\"https:\/\/www.emmediciotto.com\/wp-content\/uploads\/2022\/12\/hand.png\" \/>\n\t<meta property=\"og:image:width\" content=\"478\" \/>\n\t<meta property=\"og:image:height\" content=\"1067\" \/>\n\t<meta property=\"og:image:type\" content=\"image\/png\" \/>\n<meta name=\"twitter:card\" content=\"summary_large_image\" \/>\n<meta name=\"twitter:label1\" content=\"Tiempo de lectura\" \/>\n\t<meta name=\"twitter:data1\" content=\"1 minuto\" \/>\n<script type=\"application\/ld+json\" class=\"yoast-schema-graph\">{\"@context\":\"https:\/\/schema.org\",\"@graph\":[{\"@type\":\"WebPage\",\"@id\":\"https:\/\/www.emmediciotto.com\/es\/product\/i-potion-3-ozone-treatment-2-ampollas-copia\/\",\"url\":\"https:\/\/www.emmediciotto.com\/es\/product\/i-potion-3-ozone-treatment-2-ampollas-copia\/\",\"name\":\"22 Luxury Argan Hand cream - Emmediciotto\",\"isPartOf\":{\"@id\":\"https:\/\/www.emmediciotto.com\/#website\"},\"primaryImageOfPage\":{\"@id\":\"https:\/\/www.emmediciotto.com\/es\/product\/i-potion-3-ozone-treatment-2-ampollas-copia\/#primaryimage\"},\"image\":{\"@id\":\"https:\/\/www.emmediciotto.com\/es\/product\/i-potion-3-ozone-treatment-2-ampollas-copia\/#primaryimage\"},\"thumbnailUrl\":\"https:\/\/www.emmediciotto.com\/wp-content\/uploads\/2022\/12\/hand.png\",\"datePublished\":\"2022-12-15T13:26:08+00:00\",\"dateModified\":\"2024-05-06T13:47:42+00:00\",\"breadcrumb\":{\"@id\":\"https:\/\/www.emmediciotto.com\/es\/product\/i-potion-3-ozone-treatment-2-ampollas-copia\/#breadcrumb\"},\"inLanguage\":\"es\",\"potentialAction\":[{\"@type\":\"ReadAction\",\"target\":[\"https:\/\/www.emmediciotto.com\/es\/product\/i-potion-3-ozone-treatment-2-ampollas-copia\/\"]}]},{\"@type\":\"ImageObject\",\"inLanguage\":\"es\",\"@id\":\"https:\/\/www.emmediciotto.com\/es\/product\/i-potion-3-ozone-treatment-2-ampollas-copia\/#primaryimage\",\"url\":\"https:\/\/www.emmediciotto.com\/wp-content\/uploads\/2022\/12\/hand.png\",\"contentUrl\":\"https:\/\/www.emmediciotto.com\/wp-content\/uploads\/2022\/12\/hand.png\",\"width\":478,\"height\":1067},{\"@type\":\"BreadcrumbList\",\"@id\":\"https:\/\/www.emmediciotto.com\/es\/product\/i-potion-3-ozone-treatment-2-ampollas-copia\/#breadcrumb\",\"itemListElement\":[{\"@type\":\"ListItem\",\"position\":1,\"name\":\"Home\",\"item\":\"https:\/\/www.emmediciotto.com\/es\/\"},{\"@type\":\"ListItem\",\"position\":2,\"name\":\"Shop\",\"item\":\"https:\/\/www.emmediciotto.com\/es\/shop\/\"},{\"@type\":\"ListItem\",\"position\":3,\"name\":\"22 Luxury Argan Hand cream\"}]},{\"@type\":\"WebSite\",\"@id\":\"https:\/\/www.emmediciotto.com\/#website\",\"url\":\"https:\/\/www.emmediciotto.com\/\",\"name\":\"Emmediciotto\",\"description\":\"Take care of your hair as you do with your skin\",\"potentialAction\":[{\"@type\":\"SearchAction\",\"target\":{\"@type\":\"EntryPoint\",\"urlTemplate\":\"https:\/\/www.emmediciotto.com\/?s={search_term_string}\"},\"query-input\":{\"@type\":\"PropertyValueSpecification\",\"valueRequired\":true,\"valueName\":\"search_term_string\"}}],\"inLanguage\":\"es\"}]}<\/script>\n<!-- \/ Yoast SEO plugin. -->","yoast_head_json":{"title":"22 Luxury Argan Hand cream - Emmediciotto","robots":{"index":"index","follow":"follow","max-snippet":"max-snippet:-1","max-image-preview":"max-image-preview:large","max-video-preview":"max-video-preview:-1"},"canonical":"https:\/\/www.emmediciotto.com\/es\/product\/i-potion-3-ozone-treatment-2-ampollas-copia\/","og_locale":"es_ES","og_type":"article","og_title":"22 Luxury Argan Hand cream - Emmediciotto","og_description":"Crema de manos con aceite de arg\u00e1n ideal para pieles secas y agrietadas.Su delicado aroma y su deliciosa textura cremosa hacen que la piel sea aterciopelada e irresistiblemente suave. Gracias al aceite de arg\u00e1n, rico nutriente para la piel y un aliado insustituible para tonificar. Nutre intensamente las manos dej\u00e1ndolas tersas, devolvi\u00e9ndoles su suavidad natural. Incluso en las condiciones m\u00e1s extremas, deja las manos notablemente m\u00e1s suaves y tersas.","og_url":"https:\/\/www.emmediciotto.com\/es\/product\/i-potion-3-ozone-treatment-2-ampollas-copia\/","og_site_name":"Emmediciotto","article_modified_time":"2024-05-06T13:47:42+00:00","og_image":[{"width":478,"height":1067,"url":"https:\/\/www.emmediciotto.com\/wp-content\/uploads\/2022\/12\/hand.png","type":"image\/png"}],"twitter_card":"summary_large_image","twitter_misc":{"Tiempo de lectura":"1 minuto"},"schema":{"@context":"https:\/\/schema.org","@graph":[{"@type":"WebPage","@id":"https:\/\/www.emmediciotto.com\/es\/product\/i-potion-3-ozone-treatment-2-ampollas-copia\/","url":"https:\/\/www.emmediciotto.com\/es\/product\/i-potion-3-ozone-treatment-2-ampollas-copia\/","name":"22 Luxury Argan Hand cream - Emmediciotto","isPartOf":{"@id":"https:\/\/www.emmediciotto.com\/#website"},"primaryImageOfPage":{"@id":"https:\/\/www.emmediciotto.com\/es\/product\/i-potion-3-ozone-treatment-2-ampollas-copia\/#primaryimage"},"image":{"@id":"https:\/\/www.emmediciotto.com\/es\/product\/i-potion-3-ozone-treatment-2-ampollas-copia\/#primaryimage"},"thumbnailUrl":"https:\/\/www.emmediciotto.com\/wp-content\/uploads\/2022\/12\/hand.png","datePublished":"2022-12-15T13:26:08+00:00","dateModified":"2024-05-06T13:47:42+00:00","breadcrumb":{"@id":"https:\/\/www.emmediciotto.com\/es\/product\/i-potion-3-ozone-treatment-2-ampollas-copia\/#breadcrumb"},"inLanguage":"es","potentialAction":[{"@type":"ReadAction","target":["https:\/\/www.emmediciotto.com\/es\/product\/i-potion-3-ozone-treatment-2-ampollas-copia\/"]}]},{"@type":"ImageObject","inLanguage":"es","@id":"https:\/\/www.emmediciotto.com\/es\/product\/i-potion-3-ozone-treatment-2-ampollas-copia\/#primaryimage","url":"https:\/\/www.emmediciotto.com\/wp-content\/uploads\/2022\/12\/hand.png","contentUrl":"https:\/\/www.emmediciotto.com\/wp-content\/uploads\/2022\/12\/hand.png","width":478,"height":1067},{"@type":"BreadcrumbList","@id":"https:\/\/www.emmediciotto.com\/es\/product\/i-potion-3-ozone-treatment-2-ampollas-copia\/#breadcrumb","itemListElement":[{"@type":"ListItem","position":1,"name":"Home","item":"https:\/\/www.emmediciotto.com\/es\/"},{"@type":"ListItem","position":2,"name":"Shop","item":"https:\/\/www.emmediciotto.com\/es\/shop\/"},{"@type":"ListItem","position":3,"name":"22 Luxury Argan Hand cream"}]},{"@type":"WebSite","@id":"https:\/\/www.emmediciotto.com\/#website","url":"https:\/\/www.emmediciotto.com\/","name":"Emmediciotto","description":"Take care of your hair as you do with your skin","potentialAction":[{"@type":"SearchAction","target":{"@type":"EntryPoint","urlTemplate":"https:\/\/www.emmediciotto.com\/?s={search_term_string}"},"query-input":{"@type":"PropertyValueSpecification","valueRequired":true,"valueName":"search_term_string"}}],"inLanguage":"es"}]}},"_links":{"self":[{"href":"https:\/\/www.emmediciotto.com\/es\/wp-json\/wp\/v2\/product\/14244","targetHints":{"allow":["GET"]}}],"collection":[{"href":"https:\/\/www.emmediciotto.com\/es\/wp-json\/wp\/v2\/product"}],"about":[{"href":"https:\/\/www.emmediciotto.com\/es\/wp-json\/wp\/v2\/types\/product"}],"replies":[{"embeddable":true,"href":"https:\/\/www.emmediciotto.com\/es\/wp-json\/wp\/v2\/comments?post=14244"}],"wp:featuredmedia":[{"embeddable":true,"href":"https:\/\/www.emmediciotto.com\/es\/wp-json\/wp\/v2\/media\/14247"}],"wp:attachment":[{"href":"https:\/\/www.emmediciotto.com\/es\/wp-json\/wp\/v2\/media?parent=14244"}],"wp:term":[{"taxonomy":"product_brand","embeddable":true,"href":"https:\/\/www.emmediciotto.com\/es\/wp-json\/wp\/v2\/product_brand?post=14244"},{"taxonomy":"product_cat","embeddable":true,"href":"https:\/\/www.emmediciotto.com\/es\/wp-json\/wp\/v2\/product_cat?post=14244"},{"taxonomy":"product_tag","embeddable":true,"href":"https:\/\/www.emmediciotto.com\/es\/wp-json\/wp\/v2\/product_tag?post=14244"}],"curies":[{"name":"wp","href":"https:\/\/api.w.org\/{rel}","templated":true}]}}