{"id":11305,"date":"2021-10-18T14:10:08","date_gmt":"2021-10-18T12:10:08","guid":{"rendered":"https:\/\/www.emmediciotto.com\/?post_type=product&#038;p=11305"},"modified":"2022-08-29T11:33:04","modified_gmt":"2022-08-29T09:33:04","slug":"blond-bleaching-powder","status":"publish","type":"product","link":"https:\/\/www.emmediciotto.com\/es\/product\/blond-bleaching-powder\/","title":{"rendered":"Blond Bleaching Powder Plex Protection"},"content":{"rendered":"<p class=\"p1\" style=\"text-align: center;\"><span class=\"s1\"><b>BE9+ Blond Bleaching Powder <i>Plex Protection<\/i><\/b><\/span><b><i> <\/i><\/b><span class=\"s2\">Polvo decolorante para rubios hasta 9 niveles. La protecci\u00f3n de <\/span>BE9+ <span class=\"s2\">est\u00e1 garantizada por <\/span><span class=\"s1\"><b><i>Plex Protection<\/i><\/b><\/span><span class=\"s2\">, una nueva tecnolog\u00eda que protege el cabello y permite obtener una <\/span>decoloraci\u00f3n intensa<span class=\"s2\">, con <\/span>total seguridad<span class=\"s2\">. Crea un equilibrio perfecto entre la <\/span>decoloraci\u00f3n extrema<span class=\"s2\"> y la <\/span>protecci\u00f3n<span class=\"s2\">. La funci\u00f3n protectora est\u00e1 garantizada por un ingrediente activo fundamental, el \u201c<\/span><span class=\"s3\"><b>Az\u00facar de Ca\u00f1a<\/b><\/span><span class=\"s2\">\u201d, un ingrediente precioso que <\/span><span class=\"s3\">asegura la m\u00e1xima protecci\u00f3n de la estructura querat\u00ednica del cabello<\/span><span class=\"s2\">. El servicio <\/span>BE9+ Blond Bleaching Powder<b> <\/b><i>Plex Protection <\/i><span class=\"s2\">es ideal para todas las t\u00e9cnicas de <\/span><span class=\"s3\">aclarado<\/span><span class=\"s2\">.<\/span><\/p>\n<p class=\"p1\" style=\"text-align: center;\"><span class=\"s1\">Una vez conseguido el resultado deseado, recomendamos lavarse el cabello con 14 Shampoo Colored Hair + 14 Conditioner Colored Hair. Puede tonalizar utilizando el tono deseado de MIA Color Cream + pH Transformer + Cream Hydrogen Peroxide 10 Vol. para obtener resultados perfectos.<\/span><\/p>\n","protected":false},"excerpt":{"rendered":"<p class=\"p1\"><span class=\"s1\">Decolorante para rubias hasta 9 niveles.<\/span><\/p>\n","protected":false},"featured_media":14379,"comment_status":"closed","ping_status":"closed","template":"","meta":{"_acf_changed":false},"product_brand":[],"product_cat":[479,164],"product_tag":[],"class_list":{"0":"post-11305","1":"product","2":"type-product","3":"status-publish","4":"has-post-thumbnail","6":"product_cat-area-tecnica-es","7":"product_cat-decolorante-para-rubias","9":"first","10":"instock","11":"shipping-taxable","12":"product-type-simple"},"acf":[],"yoast_head":"<!-- This site is optimized with the Yoast SEO plugin v24.6 - https:\/\/yoast.com\/wordpress\/plugins\/seo\/ -->\n<title>Blond Bleaching Powder Plex Protection - Emmediciotto<\/title>\n<meta name=\"robots\" content=\"index, follow, max-snippet:-1, max-image-preview:large, max-video-preview:-1\" \/>\n<link rel=\"canonical\" href=\"https:\/\/www.emmediciotto.com\/es\/product\/blond-bleaching-powder\/\" \/>\n<meta property=\"og:locale\" content=\"es_ES\" \/>\n<meta property=\"og:type\" content=\"article\" \/>\n<meta property=\"og:title\" content=\"Blond Bleaching Powder Plex Protection - Emmediciotto\" \/>\n<meta property=\"og:description\" content=\"Decolorante para rubias hasta 9 niveles.\" \/>\n<meta property=\"og:url\" content=\"https:\/\/www.emmediciotto.com\/es\/product\/blond-bleaching-powder\/\" \/>\n<meta property=\"og:site_name\" content=\"Emmediciotto\" \/>\n<meta property=\"article:modified_time\" content=\"2022-08-29T09:33:04+00:00\" \/>\n<meta property=\"og:image\" content=\"https:\/\/www.emmediciotto.com\/wp-content\/uploads\/2021\/10\/be9-scatola-up-to-10.png\" \/>\n\t<meta property=\"og:image:width\" content=\"500\" \/>\n\t<meta property=\"og:image:height\" content=\"694\" \/>\n\t<meta property=\"og:image:type\" content=\"image\/png\" \/>\n<meta name=\"twitter:card\" content=\"summary_large_image\" \/>\n<meta name=\"twitter:label1\" content=\"Tiempo de lectura\" \/>\n\t<meta name=\"twitter:data1\" content=\"1 minuto\" \/>\n<script type=\"application\/ld+json\" class=\"yoast-schema-graph\">{\"@context\":\"https:\/\/schema.org\",\"@graph\":[{\"@type\":\"WebPage\",\"@id\":\"https:\/\/www.emmediciotto.com\/es\/product\/blond-bleaching-powder\/\",\"url\":\"https:\/\/www.emmediciotto.com\/es\/product\/blond-bleaching-powder\/\",\"name\":\"Blond Bleaching Powder Plex Protection - Emmediciotto\",\"isPartOf\":{\"@id\":\"https:\/\/www.emmediciotto.com\/#website\"},\"primaryImageOfPage\":{\"@id\":\"https:\/\/www.emmediciotto.com\/es\/product\/blond-bleaching-powder\/#primaryimage\"},\"image\":{\"@id\":\"https:\/\/www.emmediciotto.com\/es\/product\/blond-bleaching-powder\/#primaryimage\"},\"thumbnailUrl\":\"https:\/\/www.emmediciotto.com\/wp-content\/uploads\/2021\/10\/be9-scatola-up-to-10.png\",\"datePublished\":\"2021-10-18T12:10:08+00:00\",\"dateModified\":\"2022-08-29T09:33:04+00:00\",\"breadcrumb\":{\"@id\":\"https:\/\/www.emmediciotto.com\/es\/product\/blond-bleaching-powder\/#breadcrumb\"},\"inLanguage\":\"es\",\"potentialAction\":[{\"@type\":\"ReadAction\",\"target\":[\"https:\/\/www.emmediciotto.com\/es\/product\/blond-bleaching-powder\/\"]}]},{\"@type\":\"ImageObject\",\"inLanguage\":\"es\",\"@id\":\"https:\/\/www.emmediciotto.com\/es\/product\/blond-bleaching-powder\/#primaryimage\",\"url\":\"https:\/\/www.emmediciotto.com\/wp-content\/uploads\/2021\/10\/be9-scatola-up-to-10.png\",\"contentUrl\":\"https:\/\/www.emmediciotto.com\/wp-content\/uploads\/2021\/10\/be9-scatola-up-to-10.png\",\"width\":500,\"height\":694,\"caption\":\"be+9 scatola up to 10\"},{\"@type\":\"BreadcrumbList\",\"@id\":\"https:\/\/www.emmediciotto.com\/es\/product\/blond-bleaching-powder\/#breadcrumb\",\"itemListElement\":[{\"@type\":\"ListItem\",\"position\":1,\"name\":\"Home\",\"item\":\"https:\/\/www.emmediciotto.com\/es\/\"},{\"@type\":\"ListItem\",\"position\":2,\"name\":\"Shop\",\"item\":\"https:\/\/www.emmediciotto.com\/es\/shop\/\"},{\"@type\":\"ListItem\",\"position\":3,\"name\":\"Blond Bleaching Powder Plex Protection\"}]},{\"@type\":\"WebSite\",\"@id\":\"https:\/\/www.emmediciotto.com\/#website\",\"url\":\"https:\/\/www.emmediciotto.com\/\",\"name\":\"Emmediciotto\",\"description\":\"Take care of your hair as you do with your skin\",\"potentialAction\":[{\"@type\":\"SearchAction\",\"target\":{\"@type\":\"EntryPoint\",\"urlTemplate\":\"https:\/\/www.emmediciotto.com\/?s={search_term_string}\"},\"query-input\":{\"@type\":\"PropertyValueSpecification\",\"valueRequired\":true,\"valueName\":\"search_term_string\"}}],\"inLanguage\":\"es\"}]}<\/script>\n<!-- \/ Yoast SEO plugin. -->","yoast_head_json":{"title":"Blond Bleaching Powder Plex Protection - Emmediciotto","robots":{"index":"index","follow":"follow","max-snippet":"max-snippet:-1","max-image-preview":"max-image-preview:large","max-video-preview":"max-video-preview:-1"},"canonical":"https:\/\/www.emmediciotto.com\/es\/product\/blond-bleaching-powder\/","og_locale":"es_ES","og_type":"article","og_title":"Blond Bleaching Powder Plex Protection - Emmediciotto","og_description":"Decolorante para rubias hasta 9 niveles.","og_url":"https:\/\/www.emmediciotto.com\/es\/product\/blond-bleaching-powder\/","og_site_name":"Emmediciotto","article_modified_time":"2022-08-29T09:33:04+00:00","og_image":[{"width":500,"height":694,"url":"https:\/\/www.emmediciotto.com\/wp-content\/uploads\/2021\/10\/be9-scatola-up-to-10.png","type":"image\/png"}],"twitter_card":"summary_large_image","twitter_misc":{"Tiempo de lectura":"1 minuto"},"schema":{"@context":"https:\/\/schema.org","@graph":[{"@type":"WebPage","@id":"https:\/\/www.emmediciotto.com\/es\/product\/blond-bleaching-powder\/","url":"https:\/\/www.emmediciotto.com\/es\/product\/blond-bleaching-powder\/","name":"Blond Bleaching Powder Plex Protection - Emmediciotto","isPartOf":{"@id":"https:\/\/www.emmediciotto.com\/#website"},"primaryImageOfPage":{"@id":"https:\/\/www.emmediciotto.com\/es\/product\/blond-bleaching-powder\/#primaryimage"},"image":{"@id":"https:\/\/www.emmediciotto.com\/es\/product\/blond-bleaching-powder\/#primaryimage"},"thumbnailUrl":"https:\/\/www.emmediciotto.com\/wp-content\/uploads\/2021\/10\/be9-scatola-up-to-10.png","datePublished":"2021-10-18T12:10:08+00:00","dateModified":"2022-08-29T09:33:04+00:00","breadcrumb":{"@id":"https:\/\/www.emmediciotto.com\/es\/product\/blond-bleaching-powder\/#breadcrumb"},"inLanguage":"es","potentialAction":[{"@type":"ReadAction","target":["https:\/\/www.emmediciotto.com\/es\/product\/blond-bleaching-powder\/"]}]},{"@type":"ImageObject","inLanguage":"es","@id":"https:\/\/www.emmediciotto.com\/es\/product\/blond-bleaching-powder\/#primaryimage","url":"https:\/\/www.emmediciotto.com\/wp-content\/uploads\/2021\/10\/be9-scatola-up-to-10.png","contentUrl":"https:\/\/www.emmediciotto.com\/wp-content\/uploads\/2021\/10\/be9-scatola-up-to-10.png","width":500,"height":694,"caption":"be+9 scatola up to 10"},{"@type":"BreadcrumbList","@id":"https:\/\/www.emmediciotto.com\/es\/product\/blond-bleaching-powder\/#breadcrumb","itemListElement":[{"@type":"ListItem","position":1,"name":"Home","item":"https:\/\/www.emmediciotto.com\/es\/"},{"@type":"ListItem","position":2,"name":"Shop","item":"https:\/\/www.emmediciotto.com\/es\/shop\/"},{"@type":"ListItem","position":3,"name":"Blond Bleaching Powder Plex Protection"}]},{"@type":"WebSite","@id":"https:\/\/www.emmediciotto.com\/#website","url":"https:\/\/www.emmediciotto.com\/","name":"Emmediciotto","description":"Take care of your hair as you do with your skin","potentialAction":[{"@type":"SearchAction","target":{"@type":"EntryPoint","urlTemplate":"https:\/\/www.emmediciotto.com\/?s={search_term_string}"},"query-input":{"@type":"PropertyValueSpecification","valueRequired":true,"valueName":"search_term_string"}}],"inLanguage":"es"}]}},"_links":{"self":[{"href":"https:\/\/www.emmediciotto.com\/es\/wp-json\/wp\/v2\/product\/11305","targetHints":{"allow":["GET"]}}],"collection":[{"href":"https:\/\/www.emmediciotto.com\/es\/wp-json\/wp\/v2\/product"}],"about":[{"href":"https:\/\/www.emmediciotto.com\/es\/wp-json\/wp\/v2\/types\/product"}],"replies":[{"embeddable":true,"href":"https:\/\/www.emmediciotto.com\/es\/wp-json\/wp\/v2\/comments?post=11305"}],"wp:featuredmedia":[{"embeddable":true,"href":"https:\/\/www.emmediciotto.com\/es\/wp-json\/wp\/v2\/media\/14379"}],"wp:attachment":[{"href":"https:\/\/www.emmediciotto.com\/es\/wp-json\/wp\/v2\/media?parent=11305"}],"wp:term":[{"taxonomy":"product_brand","embeddable":true,"href":"https:\/\/www.emmediciotto.com\/es\/wp-json\/wp\/v2\/product_brand?post=11305"},{"taxonomy":"product_cat","embeddable":true,"href":"https:\/\/www.emmediciotto.com\/es\/wp-json\/wp\/v2\/product_cat?post=11305"},{"taxonomy":"product_tag","embeddable":true,"href":"https:\/\/www.emmediciotto.com\/es\/wp-json\/wp\/v2\/product_tag?post=11305"}],"curies":[{"name":"wp","href":"https:\/\/api.w.org\/{rel}","templated":true}]}}